{"id":3447,"date":"2018-10-24T06:50:19","date_gmt":"2018-10-24T06:50:19","guid":{"rendered":"http:\/\/ovez.nanoagency.co\/?page_id=3447"},"modified":"2025-09-18T14:54:50","modified_gmt":"2025-09-18T11:54:50","slug":"hakkimizda","status":"publish","type":"page","link":"https:\/\/www.cocodema.com\/en\/hakkimizda\/","title":{"rendered":"About Us"},"content":{"rendered":"<div class=\"wpb-content-wrapper\"><div class=\"vc_row wpb_row vc_row-fluid\"><div class=\"wpb_column vc_column_container vc_col-sm-12\"><div class=\"vc_column-inner\"><div class=\"wpb_wrapper\"><h2 style=\"text-align: left\" class=\"vc_custom_heading text-left\" >Living Art: Cocodema<\/h2><\/div><\/div><\/div><\/div><div class=\"vc_row wpb_row vc_row-fluid vc_custom_1541061367390\"><div class=\"wpb_column vc_column_container vc_col-sm-12 vc_col-lg-12\"><div class=\"vc_column-inner\"><div class=\"wpb_wrapper\"><div class=\"vc_row wpb_row vc_inner vc_row-fluid vc_custom_1540628414724\"><div class=\"wpb_column vc_column_container vc_col-sm-4\"><div class=\"vc_column-inner\"><div class=\"wpb_wrapper\">\n\t<div  class=\"wpb_single_image wpb_content_element vc_align_center wpb_content_element\">\n\t\t\n\t\t<figure class=\"wpb_wrapper vc_figure\">\n\t\t\t<div class=\"vc_single_image-wrapper   vc_box_border_grey\"><img decoding=\"async\" class=\"vc_single_image-img\" src=\"https:\/\/www.cocodema.com\/wp-content\/uploads\/2021\/04\/about-300x456.jpg\" width=\"300\" height=\"456\" alt=\"about\" title=\"about\" loading=\"lazy\" \/><\/div>\n\t\t<\/figure>\n\t<\/div>\n<\/div><\/div><\/div><div class=\"wpb_column vc_column_container vc_col-sm-8\"><div class=\"vc_column-inner\"><div class=\"wpb_wrapper\">\n\t<div class=\"wpb_text_column wpb_content_element\" >\n\t\t<div class=\"wpb_wrapper\">\n\t\t\t<p>Founded by Sibel G\u00fcrc\u00fco\u011flu in 2017, Cocodema takes its name from kokedama, a Japanese art. Composed of the words koke (moss) and dama (ball), Cocodema, which sets out with the Wabi-Sabi philosophy, takes care to use sustainable and nature-friendly materials as auxiliary materials in its plant-focused designs.<\/p>\n<p>Cocodema aims to offer long-lasting designs that purify the air of toxins in their environment, allowing you to breathe more comfortably and communicate more effectively, rather than short-lived flower bouquets that you might gift to loved ones or use for decoration. All of Cocodema's products are locally and artisanally produced.<\/p>\n<p>Cocodema combines a worldview focused on transition and the acceptance of natural imperfections in Japanese aesthetics with minimalism. It aims to serve as a reminder to breathe within your homes and offices.<\/p>\n\n\t\t<\/div>\n\t<\/div>\n<\/div><\/div><\/div><\/div><\/div><\/div><\/div><\/div>\n<\/div>","protected":false},"excerpt":{"rendered":"Ya\u015fayan Sanat: Cocodema 2017 y\u0131l\u0131nda Sibel G\u00fcrc\u00fco\u011flu taraf\u0131ndan kurulan Cocodema; ismini bir Japon sanat\u0131 olan;&hellip;","protected":false},"author":1,"featured_media":0,"parent":0,"menu_order":0,"comment_status":"closed","ping_status":"closed","template":"","meta":{"footnotes":""},"class_list":["post-3447","page","type-page","status-publish","hentry"],"_links":{"self":[{"href":"https:\/\/www.cocodema.com\/en\/wp-json\/wp\/v2\/pages\/3447","targetHints":{"allow":["GET"]}}],"collection":[{"href":"https:\/\/www.cocodema.com\/en\/wp-json\/wp\/v2\/pages"}],"about":[{"href":"https:\/\/www.cocodema.com\/en\/wp-json\/wp\/v2\/types\/page"}],"author":[{"embeddable":true,"href":"https:\/\/www.cocodema.com\/en\/wp-json\/wp\/v2\/users\/1"}],"replies":[{"embeddable":true,"href":"https:\/\/www.cocodema.com\/en\/wp-json\/wp\/v2\/comments?post=3447"}],"version-history":[{"count":0,"href":"https:\/\/www.cocodema.com\/en\/wp-json\/wp\/v2\/pages\/3447\/revisions"}],"wp:attachment":[{"href":"https:\/\/www.cocodema.com\/en\/wp-json\/wp\/v2\/media?parent=3447"}],"curies":[{"name":"wp","href":"https:\/\/api.w.org\/{rel}","templated":true}]}}