{"id":4968,"date":"2019-01-30T12:23:48","date_gmt":"2019-01-30T10:23:48","guid":{"rendered":"https:\/\/www.cocodema.com\/new\/?page_id=4968"},"modified":"2024-08-09T17:46:42","modified_gmt":"2024-08-09T14:46:42","slug":"kurumsal-bitki-atolyeleri","status":"publish","type":"page","link":"https:\/\/www.cocodema.com\/en\/kurumsal-bitki-atolyeleri\/","title":{"rendered":"Corporate Workshop"},"content":{"rendered":"\r\n<p>Cocodema 2017 y\u0131l\u0131ndan bu yana bitki yan\u0131nda kulland\u0131\u011f\u0131 s\u00fcrd\u00fcr\u00fclebilir materyallerle hem ya\u015fam alanlar\u0131 hem de markalar i\u00e7in ileri d\u00f6n\u00fc\u015ft\u00fcr\u00fclm\u00fc\u015f \u00e7\u00f6z\u00fcmler sunmaya devam ediyor. Daha \u00f6nce yapt\u0131\u011f\u0131m\u0131z i\u015flere Portfolyomuz sayfas\u0131ndan g\u00f6z atabilirsiniz.<\/p>\r\n\r\n\r\n\r\n<p>Kokedama, Bitki Bak\u0131m\u0131, Teraryum, \u00c7i\u00e7ek Buketi, Mum Yap\u0131m\u0131 ya da markan\u0131za \u00f6zel bir bitki e\u011fitimi i\u00e7in ileti\u015fime ge\u00e7mek isterseniz bilgilerinizi b\u0131rak\u0131n ya da hello@cocodema.com mail adresi \u00fczerinden bize ula\u015f\u0131n.<\/p>\r\n\r\n\r\n\r\n<h2 class=\"wp-block-heading\">At\u00f6lye Bilgilendirme Formu<\/h2>\r\n\r\n\r\n<div class=\"wpforms-container wpforms-container-full\" id=\"wpforms-5112\"><form id=\"wpforms-form-5112\" class=\"wpforms-validate wpforms-form\" data-formid=\"5112\" method=\"post\" enctype=\"multipart\/form-data\" action=\"\/en\/wp-json\/wp\/v2\/pages\/4968\" data-token=\"319d856ca9c3e949f4250d08b3f3f695\" data-token-time=\"1777597022\"><noscript class=\"wpforms-error-noscript\">Please enable JavaScript in your browser to complete this form.<\/noscript><div class=\"wpforms-field-container\"><div id=\"wpforms-5112-field_0-container\" class=\"wpforms-field wpforms-field-name\" data-field-id=\"0\"><label class=\"wpforms-field-label\" for=\"wpforms-5112-field_0\">\u0130sim Soyisim <span class=\"wpforms-required-label\">*<\/span><\/label><input type=\"text\" id=\"wpforms-5112-field_0\" class=\"wpforms-field-medium wpforms-field-required\" name=\"wpforms[fields][0]\" required><\/div><div id=\"wpforms-5112-field_6-container\" class=\"wpforms-field wpforms-field-text\" data-field-id=\"6\"><label class=\"wpforms-field-label\" for=\"wpforms-5112-field_6\">Telefon <span class=\"wpforms-required-label\">*<\/span><\/label><input type=\"text\" id=\"wpforms-5112-field_6\" class=\"wpforms-field-medium wpforms-field-required\" name=\"wpforms[fields][6]\" required><\/div><div id=\"wpforms-5112-field_1-container\" class=\"wpforms-field wpforms-field-email\" data-field-id=\"1\"><label class=\"wpforms-field-label\" for=\"wpforms-5112-field_1\">E-posta <span class=\"wpforms-required-label\">*<\/span><\/label><input type=\"email\" id=\"wpforms-5112-field_1\" class=\"wpforms-field-medium wpforms-field-required\" name=\"wpforms[fields][1]\" spellcheck=\"false\" required><\/div><div id=\"wpforms-5112-field_7-container\" class=\"wpforms-field wpforms-field-text\" data-field-id=\"7\"><label class=\"wpforms-field-label\" for=\"wpforms-5112-field_7\">Tahmini Ki\u015fi Say\u0131s\u0131 <span class=\"wpforms-required-label\">*<\/span><\/label><input type=\"text\" id=\"wpforms-5112-field_7\" class=\"wpforms-field-medium wpforms-field-required\" name=\"wpforms[fields][7]\" required><\/div><\/div><!-- .wpforms-field-container --><div class=\"wpforms-field wpforms-field-hp\"><label for=\"wpforms-5112-field-hp\" class=\"wpforms-field-label\">Phone<\/label><input type=\"text\" name=\"wpforms[hp]\" id=\"wpforms-5112-field-hp\" class=\"wpforms-field-medium\"><\/div><div class=\"wpforms-recaptcha-container wpforms-is-recaptcha wpforms-is-recaptcha-type-v3\" ><input type=\"hidden\" name=\"wpforms[recaptcha]\" value=\"\"><\/div><div class=\"wpforms-submit-container\" ><input type=\"hidden\" name=\"wpforms[id]\" value=\"5112\"><input type=\"hidden\" name=\"page_title\" value=\"\"><input type=\"hidden\" name=\"page_url\" value=\"https:\/\/www.cocodema.com\/en\/wp-json\/wp\/v2\/pages\/4968\"><input type=\"hidden\" name=\"url_referer\" value=\"\"><button type=\"submit\" name=\"wpforms[submit]\" id=\"wpforms-submit-5112\" class=\"wpforms-submit\" data-alt-text=\"G\u00f6nderiliyor...\" data-submit-text=\"G\u00f6nder\" aria-live=\"assertive\" value=\"wpforms-submit\">G\u00f6nder<\/button><\/div><\/form><\/div>  <!-- .wpforms-container -->\n","protected":false},"excerpt":{"rendered":"<p>Cocodema 2017 y\u0131l\u0131ndan bu yana bitki yan\u0131nda kulland\u0131\u011f\u0131 s\u00fcrd\u00fcr\u00fclebilir materyallerle hem ya\u015fam alanlar\u0131 hem de&hellip;<\/p>","protected":false},"author":1,"featured_media":0,"parent":0,"menu_order":0,"comment_status":"closed","ping_status":"closed","template":"","meta":{"footnotes":""},"class_list":["post-4968","page","type-page","status-publish","hentry"],"_links":{"self":[{"href":"https:\/\/www.cocodema.com\/en\/wp-json\/wp\/v2\/pages\/4968","targetHints":{"allow":["GET"]}}],"collection":[{"href":"https:\/\/www.cocodema.com\/en\/wp-json\/wp\/v2\/pages"}],"about":[{"href":"https:\/\/www.cocodema.com\/en\/wp-json\/wp\/v2\/types\/page"}],"author":[{"embeddable":true,"href":"https:\/\/www.cocodema.com\/en\/wp-json\/wp\/v2\/users\/1"}],"replies":[{"embeddable":true,"href":"https:\/\/www.cocodema.com\/en\/wp-json\/wp\/v2\/comments?post=4968"}],"version-history":[{"count":0,"href":"https:\/\/www.cocodema.com\/en\/wp-json\/wp\/v2\/pages\/4968\/revisions"}],"wp:attachment":[{"href":"https:\/\/www.cocodema.com\/en\/wp-json\/wp\/v2\/media?parent=4968"}],"curies":[{"name":"wp","href":"https:\/\/api.w.org\/{rel}","templated":true}]}}