{"id":11886,"date":"2023-12-09T23:26:47","date_gmt":"2023-12-09T20:26:47","guid":{"rendered":"https:\/\/www.cocodema.com\/?post_type=product&#038;p=11886"},"modified":"2026-01-23T13:01:48","modified_gmt":"2026-01-23T10:01:48","slug":"grand-rue-de-pera-mum","status":"publish","type":"product","link":"https:\/\/www.cocodema.com\/en\/product\/grand-rue-de-pera-mum\/","title":{"rendered":"Grand Rue De Pera [AKM x Cocodema]"},"content":{"rendered":"<p><strong>Grand Rue De Pera [AKM x Cocodema]<\/strong><\/p>\n<p class=\"p1\">AKM\u2019nin do\u011fum yeri Beyo\u011flu\u2019na \u00f6vg\u00fc olarak haz\u0131rlanan Pera mumu yakt\u0131\u011f\u0131n\u0131zda, \u0130stiklal caddesinde gezerken ald\u0131\u011f\u0131n\u0131z kahve kokusuna, bir yaz g\u00fcn\u00fc ara sokaklardan gelen bo\u011faz esintisi e\u015flik edecek.<\/p>\n<p>\u00c7evre-dostu temiz bir yanma i\u00e7in %100 soya mumu ile elde \u00fcretilen mumlar\u0131m\u0131z %100 vegand\u0131r. U\u00e7ucu ya\u011flarda bekletilmi\u015f, kur\u015funsuz pamuk fitiller ve birinci s\u0131n\u0131f parf\u00fcm ya\u011flar\u0131 ile haz\u0131rlad\u0131\u011f\u0131m\u0131z \u00f6zenli mum paketleri bitki hediyelerinizin yan\u0131nda kompozisyonu tamamlayacak.<\/p>\n<p><strong>Neden Soya Mumu Tercih Etmeliyiz?<\/strong><br \/>\nSoya fasulyesinden elde edilen soya mumu, geri d\u00f6n\u00fc\u015ft\u00fcr\u00fclebilir kaynaklardan olu\u015fan do\u011fal bir hammaddedir. Soya \u00e7evreye zarar vermez, toksik madde i\u00e7ermez ve tamamen do\u011fald\u0131r.<br \/>\nGeleneksel parafin mumu ise soyan\u0131n aksine rafine benzin i\u00e7erir.<\/p>\n<p>Soya Mumunuzu Daha Uzun S\u00fcre Kullanmak \u0130\u00e7in&#8230;<\/p>\n<ul>\n<li>\u0130lk kullan\u0131m\u0131n\u0131zda 2 saatten uzun s\u00fcre yanmas\u0131na izin verin. B\u00f6ylece mumunuz do\u011fru \u015fekilde erir ve sonraki yakma i\u015fleminizde d\u00fczg\u00fcnce yay\u0131laca\u011f\u0131 bir \u00e7ukur elde etmi\u015f olur.<\/li>\n<li>Mumunuzu hava ak\u0131m\u0131 olan bir alanda konumlamay\u0131n. Bu hem kokusunu azalt\u0131r hem de h\u0131zl\u0131 yanmas\u0131na ve mumun erimesine neden olur.<\/li>\n<li>Her yanma i\u015fleminden sonra mumunuzun fitilini k\u0131salt\u0131n. Fitiliniz ne kadar uzun olursa mumunuz o kadar h\u0131zl\u0131 yanar.<\/li>\n<li>Fitilinizi yanma i\u015fleminden sonra ortalay\u0131n ve d\u00fczeltin.<\/li>\n<li>Soya mumunuzun cam barda\u011f\u0131n\u0131 \u0131l\u0131k su \u0131slatt\u0131\u011f\u0131n\u0131z bez ile silin. Bu cam\u0131n\u0131zda is olu\u015fmas\u0131n\u0131 \u00f6nleyecektir.<\/li>\n<li>Soya mumunuzu kullanmadan \u00f6nce 2 saat buzdolab\u0131na koyun. Bu mumunuzun \u00f6mr\u00fcn\u00fc uzatacakt\u0131r.\u00a0 Soya mumu %100 do\u011fal i\u00e7erikle \u00fcretildi\u011finden buzdolab\u0131ndaki yiyeceklerinize zarar vermez, toksik madde \u00fcretmez.<\/li>\n<\/ul>\n<p>&nbsp;<\/p>\n","protected":false},"excerpt":{"rendered":"<ul>\n<li>Private collection of Atat\u00fcrk Cultural Center<\/li>\n<li>100% Vegan<\/li>\n<li>Soy Candle<\/li>\n<li>400 Gram<\/li>\n<li>Paraffin-Free<\/li>\n<li>Hand-made<\/li>\n<li>Boxed Shipping<\/li>\n<\/ul>\n<p>&nbsp;<\/p>","protected":false},"featured_media":11887,"template":"","meta":[],"product_brand":[],"product_cat":[82,48,220,234,170],"product_tag":[37,103,99,117,116,114,119,121,52,100,111,115,110,122,109,65,120,118,113,97,112],"class_list":{"0":"post-11886","1":"product","2":"type-product","3":"status-publish","4":"has-post-thumbnail","6":"product_cat-aksesuarlar","7":"product_cat-genel","8":"product_cat-mumlar","9":"product_cat-sevgililer-gunu","10":"product_cat-tumu","11":"product_tag-bitki","12":"product_tag-cicek","13":"product_tag-cocodema","14":"product_tag-design","15":"product_tag-dizayn","16":"product_tag-doga","17":"product_tag-florist","18":"product_tag-flower","19":"product_tag-green","20":"product_tag-kokadema","21":"product_tag-kokedama","22":"product_tag-nature","23":"product_tag-palm","24":"product_tag-palmiye","25":"product_tag-parlor","26":"product_tag-plant","27":"product_tag-plantist","28":"product_tag-tasarim","29":"product_tag-yesil","30":"product_tag-yosun","31":"product_tag-yosuntopu","33":"first","34":"instock","35":"featured","36":"taxable","37":"shipping-taxable","38":"purchasable","39":"product-type-simple","40":"layout-style-1","41":"col-md-4 col-sm-4 col-xs-6","42":"col-lg-3","43":"product-style-default"},"_links":{"self":[{"href":"https:\/\/www.cocodema.com\/en\/wp-json\/wp\/v2\/product\/11886","targetHints":{"allow":["GET"]}}],"collection":[{"href":"https:\/\/www.cocodema.com\/en\/wp-json\/wp\/v2\/product"}],"about":[{"href":"https:\/\/www.cocodema.com\/en\/wp-json\/wp\/v2\/types\/product"}],"wp:featuredmedia":[{"embeddable":true,"href":"https:\/\/www.cocodema.com\/en\/wp-json\/wp\/v2\/media\/11887"}],"wp:attachment":[{"href":"https:\/\/www.cocodema.com\/en\/wp-json\/wp\/v2\/media?parent=11886"}],"wp:term":[{"taxonomy":"product_brand","embeddable":true,"href":"https:\/\/www.cocodema.com\/en\/wp-json\/wp\/v2\/product_brand?post=11886"},{"taxonomy":"product_cat","embeddable":true,"href":"https:\/\/www.cocodema.com\/en\/wp-json\/wp\/v2\/product_cat?post=11886"},{"taxonomy":"product_tag","embeddable":true,"href":"https:\/\/www.cocodema.com\/en\/wp-json\/wp\/v2\/product_tag?post=11886"}],"curies":[{"name":"wp","href":"https:\/\/api.w.org\/{rel}","templated":true}]}}