{"id":12956,"date":"2025-09-25T00:19:29","date_gmt":"2025-09-24T21:19:29","guid":{"rendered":"https:\/\/www.cocodema.com\/?post_type=product&#038;p=12956"},"modified":"2025-09-27T00:24:39","modified_gmt":"2025-09-26T21:24:39","slug":"premium-blend-espresso","status":"publish","type":"product","link":"https:\/\/www.cocodema.com\/en\/product\/premium-blend-espresso\/","title":{"rendered":"Espresso"},"content":{"rendered":"<p class=\"p1\"><span class=\"s1\"><b>Cocodema Espresso Kahve:<br \/>\n<\/b><\/span>Kahveseverler i\u00e7in harika bir hediye se\u00e7ene\u011fi olacak Premium Blend Espresso Kahve&#8217;de, karamel ve kuruyemi\u015f meyvesi notalar\u0131n\u0131 yo\u011fun olarak hissedeceksiniz.<\/p>\n<p>\u0130\u015flem: Naturel<\/p>\n<p>B\u00f6lge: Carmo De Minas<\/p>\n<p>Rak\u0131m: 1100-1200m.<\/p>\n<p>Tad\u0131m notlar\u0131: Karamel, Kuruyemi\u015f<\/p>\n<p>Hasat: 2024<\/p>\n<p>Kavurma Profili: Espresso \/ Filtre<\/p>\n<p>Karamel tatl\u0131l\u0131\u011f\u0131, d\u00fc\u015f\u00fck asidite ve g\u00fc\u00e7l\u00fc g\u00f6vdesi, kusursuz bir uyum i\u00e7inde dama\u011f\u0131n\u0131zda iz b\u0131rak\u0131r. So\u011fuduk\u00e7a, kuruyemi\u015f notalar\u0131 kendini daha da belirginle\u015ftirir. S\u00fctle birle\u015fti\u011finde ise, s\u00fctl\u00fc kahve tutkunlar\u0131n\u0131n vazge\u00e7ilmezi olacak kadar dengeli, zengin ve etkileyici bir kahve deneyim sunar.<\/p>\n<p>Ayn\u0131 zamanda Filtre Kahve olarak da t\u00fcketebilece\u011finiz, her dama\u011fa hitap eden bir kahvedir. <\/p>\n<p>Karma Serisi; Minas Gerais&#8217;in gu\u0308neyinden, Mantequeira dag\u0306lar\u0131n\u0131n Carmo de Minas Bo\u0308lgesi&#8217;nden gelen o\u0308zel bir sec\u0327ki. Bu bo\u0308lge ortalama 1100-1600 mm yag\u0306\u0131s\u0327 al\u0131yor ve o\u0308zel kahve u\u0308retimiyle tan\u0131n\u0131yor. Bo\u0308lgeden sec\u0327ili u\u0308reticilerden, 1100-1200 metre rak\u0131mda yetis\u0327en farkl\u0131 varyetelerin o\u0308zel bir harman\u0131.<\/p>\n<p>Carmo de Minas, y\u00fcksek rak\u0131ml\u0131 da\u011fl\u0131k alanlar\u0131, ideal iklim ko\u015fullar\u0131 ve verimli topraklar\u0131 ile m\u00fckemmel kahve yeti\u015ftirmek i\u00e7in \u00e7ok uygun bir b\u00f6lgedir. Bu b\u00f6lgedeki kahve tarlalar\u0131 genellikle 800 ile 1.400 metre aras\u0131nda bir rak\u0131mda bulunur, bu da kahve bitkilerinin geli\u015fmesi i\u00e7in m\u00fckemmel bir ortam yarat\u0131r. Y\u00fcksek rak\u0131m, kahve \u00e7ekirdeklerinin daha yava\u015f olgunla\u015fmas\u0131n\u0131 sa\u011flar, bu da onlar\u0131n daha yo\u011fun ve kompleks tat profilleri geli\u015ftirmelerine yol a\u00e7ar.<\/p>\n<p>Brezilya&#8217;da kahve tar\u0131m\u0131 b\u00fcy\u00fck \u00f6l\u00e7\u00fcde ticari bir sekt\u00f6r olmas\u0131na ra\u011fmen, Carmo de Minas&#8217;daki \u00fcreticiler daha \u00e7ok kaliteye odaklan\u0131r. Buradaki kahve \u00fcreticileri, geleneksel tar\u0131m y\u00f6ntemlerinin yan\u0131 s\u0131ra modern \u00fcretim tekniklerini de kullanarak, kahve \u00e7ekirdeklerinin kalitesini art\u0131rmaya y\u00f6nelik \u00e7e\u015fitli stratejiler uygular.<\/p>\n<p>Espresso Demleme Re\u00e7etesi:<br \/>\nKahve: 17gr.<br \/>\n\u00d6\u011f\u00fct\u00fcm:6-10 click aras\u0131 (Comandante)<br \/>\nS\u00fcre: 28-30sn.<br \/>\n\u0130\u00e7ecek: 36ml.<br \/>\nSu:94 derece (80-100ppm) (9bar sabit bas\u0131n\u00e7)<br \/>\nA\u015famalar:<br \/>\n\u00d6\u011f\u00fct\u00fclm\u00fc\u015f kahvenizi porta filtre sepetine ekleyin.<br \/>\nKahvenizi d\u00fczeltin ve ortalama 8-10kg kuvvet ile s\u0131k\u0131\u015ft\u0131r\u0131n.<br \/>\n\u0130lk damlan\u0131n 5-7sn. aral\u0131\u011f\u0131nda fincana d\u00fc\u015fmesi gerekmektedir.<br \/>\nToplam i\u00e7ecek miktar\u0131 36ml. demleme s\u00fcresi 28-30 sn aral\u0131\u011f\u0131nda olmal\u0131d\u0131r.<\/p>\n<p>Filtre Kahve Demleme Re\u00e7etesi:<br \/>\nKahve: 15gr.<br \/>\n\u00d6\u011f\u00fct\u00fcm: 28-30 click aras\u0131 (Comandante)<br \/>\nSu: 250ml. (80-100ppm)<br \/>\nA\u015famalar:<br \/>\nFiltrenizi \u0131slat\u0131n ve \u00f6\u011f\u00fct\u00fclm\u00fc\u015f kahvenizi hazneye ekleyin.<br \/>\nSu haznesinin 2 numaral\u0131 seviyesine kadar su ekleyin.<br \/>\nMakinenizi \u00e7al\u0131\u015ft\u0131r\u0131n ve demlemenin bitmesini bekleyin.<\/p>\n<p>Not: 1 fincan filtre kahve i\u00e7in ideal kahve su oran\u0131d\u0131r. Kahve gramaj\u0131n\u0131 ve su miktar\u0131n\u0131 katlar\u0131 \u015feklinde art\u0131rarak daha fazla kahve demleyebilirsiniz. <\/p>\n<p>\u0130pucu:<\/p>\n<p>15gr. orta-iri \u00e7ekilmi\u015f kahve ortalama 2 yemek ka\u015f\u0131\u011f\u0131na tekab\u00fcl etmektedir.<br \/>\n250ml. su filtre kahve makinenizin su haznesinde 2 seviyesine denk gelmektedir.<br \/>\nHario v60 Demleme Re\u00e7etesi:<\/p>\n<p>Kahve: 15gr.<br \/>\n\u00d6\u011f\u00fct\u00fcm: 24-26 click (Comandante)<br \/>\nSu: 250ml. 94 derece (80-100ppm)<br \/>\nS\u00fcre: 120-135 sn. aral\u0131\u011f\u0131<br \/>\nA\u015famalar:<br \/>\n50ml suyu dairesel haraketlerle ekleyin.<br \/>\nHafif swirl yap\u0131n.<br \/>\n200ml suyu tek seferde demleme yata\u011f\u0131n y\u00fckselterek agresif su d\u00f6k\u00fcm\u00fc yap\u0131n.<br \/>\nDemleme yata\u011f\u0131ndaki su seviyesi azal\u0131nca bir swirl daha yap\u0131n ve demlemenin bitmesini bekleyin.<br \/>\nNot: De\u011firmen deformasyonu, su kompozisyonu ve demleme h\u0131z\u0131n\u0131za ba\u011fl\u0131 olarak sonu\u00e7lar de\u011fi\u015fiklik g\u00f6sterebilmektedir. Demleme re\u00e7eteleri referans olarak verilmi\u015ftir.<\/p>\n<p>&nbsp;<\/p>\n<p>&nbsp;<\/p>","protected":false},"excerpt":{"rendered":"<ul>\n<li><span class=\"s1\">Shipping is available throughout Turkey.<\/span><\/li>\n<li>250 GR Premium Blend<\/li>\n<li>Tad\u0131m Notalar\u0131: Karamel, Kuruyemi\u015f <\/li>\n<\/ul>","protected":false},"featured_media":203112,"template":"","meta":[],"product_brand":[],"product_cat":[133,84,48,83,170],"product_tag":[37,103,99,117,114,119,121,52,100,115,65,120,107,150,118,151,152,113,97,112],"class_list":{"0":"post-12956","1":"product","2":"type-product","3":"status-publish","4":"has-post-thumbnail","6":"product_cat-bakimi-kolay-tasarimlar","7":"product_cat-bitkiler","8":"product_cat-genel","9":"product_cat-tasarimlar","10":"product_cat-tumu","11":"product_tag-bitki","12":"product_tag-cicek","13":"product_tag-cocodema","14":"product_tag-design","15":"product_tag-doga","16":"product_tag-florist","17":"product_tag-flower","18":"product_tag-green","19":"product_tag-kokadema","20":"product_tag-nature","21":"product_tag-plant","22":"product_tag-plantist","23":"product_tag-prizma","24":"product_tag-sukulent","25":"product_tag-tasarim","26":"product_tag-teraryum","27":"product_tag-terrarium","28":"product_tag-yesil","29":"product_tag-yosun","30":"product_tag-yosuntopu","32":"first","33":"instock","34":"taxable","35":"shipping-taxable","36":"purchasable","37":"product-type-simple","38":"layout-style-1","39":"col-md-4 col-sm-4 col-xs-6","40":"col-lg-3","41":"product-style-default"},"_links":{"self":[{"href":"https:\/\/www.cocodema.com\/en\/wp-json\/wp\/v2\/product\/12956","targetHints":{"allow":["GET"]}}],"collection":[{"href":"https:\/\/www.cocodema.com\/en\/wp-json\/wp\/v2\/product"}],"about":[{"href":"https:\/\/www.cocodema.com\/en\/wp-json\/wp\/v2\/types\/product"}],"wp:featuredmedia":[{"embeddable":true,"href":"https:\/\/www.cocodema.com\/en\/wp-json\/wp\/v2\/media\/203112"}],"wp:attachment":[{"href":"https:\/\/www.cocodema.com\/en\/wp-json\/wp\/v2\/media?parent=12956"}],"wp:term":[{"taxonomy":"product_brand","embeddable":true,"href":"https:\/\/www.cocodema.com\/en\/wp-json\/wp\/v2\/product_brand?post=12956"},{"taxonomy":"product_cat","embeddable":true,"href":"https:\/\/www.cocodema.com\/en\/wp-json\/wp\/v2\/product_cat?post=12956"},{"taxonomy":"product_tag","embeddable":true,"href":"https:\/\/www.cocodema.com\/en\/wp-json\/wp\/v2\/product_tag?post=12956"}],"curies":[{"name":"wp","href":"https:\/\/api.w.org\/{rel}","templated":true}]}}