{"id":13742,"date":"2025-05-24T23:41:42","date_gmt":"2025-05-24T20:41:42","guid":{"rendered":"https:\/\/www.cocodema.com\/?post_type=product&#038;p=13742"},"modified":"2026-01-23T12:39:17","modified_gmt":"2026-01-23T09:39:17","slug":"copper-cerceve-mavi-ortanca","status":"publish","type":"product","link":"https:\/\/www.cocodema.com\/en\/product\/copper-cerceve-mavi-ortanca\/","title":{"rendered":"Copper \u00c7er\u00e7eve | Mavi Ortanca"},"content":{"rendered":"<p>Kurutma y\u00f6nteminden ge\u00e7irilen &#8220;Hydrangea Macrophylla(ortanca)&#8221; \u00e7i\u00e7ekleriyle \u00e7al\u0131\u015f\u0131lan cam \u00e7er\u00e7evenin, alt k\u0131sm\u0131 \u00e7\u0131kar\u0131labilir el yap\u0131m\u0131 ah\u015fapt\u0131r. <\/p>\n<p>Hydrangea Macrophylla (hydrangea), native to Japan, with 70-75 species, is a plant indigenous to Asia and America. Due to its showy flowers, it is widely cultivated in many parts of the world, can grow to a height of 1-3 meters, is a deciduous shrub ornamental plant.<\/p>\n<p>Shocking method and drying method are different techniques. The color of shocked flowers always remains the same as the first day. If you want to make changes to the plant in the Copper Frame, you can take a look at other Copper products, hello@cocodema.com or <a href=\"https:\/\/www.instagram.com\/cocodemaplants\/\">@cocodemaplants<\/a> you can reach our Instagram account.<\/p>\n<p><strong>Mavi Ortanca Anlam\u0131<\/strong><br \/>\nEfsaneye g\u00f6re, bir Japon imparatoru bir zamanlar sevdi\u011fi bir kad\u0131n\u0131 ihmal etti\u011fi i\u00e7in \u00f6z\u00fcr dilemi\u015f ve ailesine mavi ortancalar hediye etmi\u015ftir. Bu nedenle, mavi \u00e7i\u00e7ekler pi\u015fmanl\u0131k, sevgi ve minnettarl\u0131kla ili\u015fkilendirilmi\u015ftir<\/p>\n<p><strong>Mavi Hydrangea Macrophylla(Ortanca) Copper \u00c7er\u00e7eve Bak\u0131m Bilgisi:<\/strong><br \/>\nCopper Frames do not require any maintenance. It is recommended to keep them away from direct sunlight during the hot summer months.<\/p>","protected":false},"excerpt":{"rendered":"<ul>\n<li>Mavi Ortanca &#8220;sevgiyi&#8221;temsil eder<\/li>\n<li>Customizable to specific requests.<\/li>\n<li>Shocked plants do not change color.<\/li>\n<li>The handmade wooden base is removable.<\/li>\n<li>Shipping is available throughout Turkey<\/li>\n<\/ul>\n<p><strong>Shocked Plant Copper Frame Dimensions:<\/strong><br \/>\nVertical: 25 x 15 cm<br \/>\nHorizontal: 20\u00d720<\/p>","protected":false},"featured_media":13745,"template":"","meta":[],"product_brand":[],"product_cat":[82,133,218,48,234,83,154,170],"product_tag":[65],"class_list":{"0":"post-13742","1":"product","2":"type-product","3":"status-publish","4":"has-post-thumbnail","6":"product_cat-aksesuarlar","7":"product_cat-bakimi-kolay-tasarimlar","8":"product_cat-cerceveler","9":"product_cat-genel","10":"product_cat-sevgililer-gunu","11":"product_cat-tasarimlar","12":"product_cat-topraksiz-bitkiler","13":"product_cat-tumu","14":"product_tag-plant","16":"first","17":"instock","18":"taxable","19":"shipping-taxable","20":"purchasable","21":"product-type-variable","22":"layout-style-1","23":"col-md-4 col-sm-4 col-xs-6","24":"col-lg-3","25":"product-has-gallery","26":"product-style-default"},"_links":{"self":[{"href":"https:\/\/www.cocodema.com\/en\/wp-json\/wp\/v2\/product\/13742","targetHints":{"allow":["GET"]}}],"collection":[{"href":"https:\/\/www.cocodema.com\/en\/wp-json\/wp\/v2\/product"}],"about":[{"href":"https:\/\/www.cocodema.com\/en\/wp-json\/wp\/v2\/types\/product"}],"wp:featuredmedia":[{"embeddable":true,"href":"https:\/\/www.cocodema.com\/en\/wp-json\/wp\/v2\/media\/13745"}],"wp:attachment":[{"href":"https:\/\/www.cocodema.com\/en\/wp-json\/wp\/v2\/media?parent=13742"}],"wp:term":[{"taxonomy":"product_brand","embeddable":true,"href":"https:\/\/www.cocodema.com\/en\/wp-json\/wp\/v2\/product_brand?post=13742"},{"taxonomy":"product_cat","embeddable":true,"href":"https:\/\/www.cocodema.com\/en\/wp-json\/wp\/v2\/product_cat?post=13742"},{"taxonomy":"product_tag","embeddable":true,"href":"https:\/\/www.cocodema.com\/en\/wp-json\/wp\/v2\/product_tag?post=13742"}],"curies":[{"name":"wp","href":"https:\/\/api.w.org\/{rel}","templated":true}]}}