{"id":203066,"date":"2025-09-26T23:54:28","date_gmt":"2025-09-26T20:54:28","guid":{"rendered":"https:\/\/www.cocodema.com\/?post_type=product&#038;p=203066"},"modified":"2025-09-27T00:10:55","modified_gmt":"2025-09-26T21:10:55","slug":"morning-coffee","status":"publish","type":"product","link":"https:\/\/www.cocodema.com\/en\/product\/morning-coffee\/","title":{"rendered":"Morning Coffee"},"content":{"rendered":"<p class=\"p1\"><span class=\"s1\"><b>Cocodema Morning Coffee:<br \/>\n<\/b><\/span>Kahveseverler i\u00e7in harika bir hediye se\u00e7ene\u011fi olacak Morning Coffee; toffee, karamel ve f\u0131nd\u0131k notalar\u0131n\u0131 yo\u011fun olarak hissedeceksiniz.Kahve \u00e7ekirde\u011finizi istedi\u011finiz \u00f6\u011f\u00fct\u00fcm \u015fekli ile sepetinize ekleyebilirsiniz. <\/p>\n<p>\u00dclke: Guatemala<\/p>\n<p>B\u00f6lge: Huehuetenango<\/p>\n<p>\u0130\u015flem: Y\u0131kanm\u0131\u015f<\/p>\n<p>T\u00fcr: Caturra<\/p>\n<p>Rak\u0131m: 1350m.<\/p>\n<p>Tad\u0131m Notlar\u0131: Tatl\u0131, Karamel, Kuruyemi\u015f<\/p>\n<p>Hasat: 2024<\/p>\n<p>Kavurma Profili: Filtre \/ Espresso<\/p>\n<p>Morning Coffee, sabah rutininin vazge\u00e7ilmez an\u0131: \u0130lk yudum.<br \/>\nDengeli g\u00f6vdesi, hafif tatl\u0131l\u0131\u011f\u0131 ve d\u00fc\u015f\u00fck asiditesi ile hem filtrede hem de espresso bazl\u0131 i\u00e7imlerde tercih edilebilir. Sabah rit\u00fcellerinize e\u015flik edebilece\u011fi gibi g\u00fcnl\u00fck kahve t\u00fcketiminize de uygun, keyifli bir i\u00e7im performans\u0131 sunar.<\/p>\n<p>Sabah playlistini &#8221;Morning Coffee&#8221; ile keyiflendir!<\/p>\n<p>Espresso Demleme Re\u00e7etesi:<br \/>\nKahve: 17gr.<br \/>\n\u00d6\u011f\u00fct\u00fcm:6-10 click aras\u0131 (Comandante)<br \/>\nS\u00fcre: 28-30sn.<br \/>\n\u0130\u00e7ecek: 36ml.<br \/>\nSu:94 derece (80-100ppm) (9bar sabit bas\u0131n\u00e7)<br \/>\nA\u015famalar:<br \/>\n\u00d6\u011f\u00fct\u00fclm\u00fc\u015f kahvenizi porta filtre sepetine ekleyin.<br \/>\nKahvenizi d\u00fczeltin ve ortalama 8-10kg kuvvet ile s\u0131k\u0131\u015ft\u0131r\u0131n.<br \/>\n\u0130lk damlan\u0131n 5-7sn. aral\u0131\u011f\u0131nda fincana d\u00fc\u015fmesi gerekmektedir.<br \/>\nToplam i\u00e7ecek miktar\u0131 36ml. demleme s\u00fcresi 28-30 sn aral\u0131\u011f\u0131nda olmal\u0131d\u0131r.<br \/>\nFiltre Kahve Demleme Re\u00e7etesi:<\/p>\n<p>Kahve: 15gr.<br \/>\n\u00d6\u011f\u00fct\u00fcm: 28-30 click aras\u0131 (Comandante)<br \/>\nSu: 250ml. (80-100ppm)<br \/>\nA\u015famalar:<br \/>\nFiltrenizi \u0131slat\u0131n ve \u00f6\u011f\u00fct\u00fclm\u00fc\u015f kahvenizi hazneye ekleyin.<br \/>\nSu haznesinin 2 numaral\u0131 seviyesine kadar su ekleyin.<br \/>\nMakinenizi \u00e7al\u0131\u015ft\u0131r\u0131n ve demlemenin bitmesini bekleyin.<\/p>\n<p>Not: 1 fincan filtre kahve i\u00e7in ideal kahve su oran\u0131d\u0131r. Kahve gramaj\u0131n\u0131 ve su miktar\u0131n\u0131 katlar\u0131 \u015feklinde art\u0131rarak daha fazla kahve demleyebilirsiniz. <\/p>\n<p>\u0130pucu:<br \/>\n15gr. orta-iri \u00e7ekilmi\u015f kahve ortalama 2 yemek ka\u015f\u0131\u011f\u0131na tekab\u00fcl etmektedir.<br \/>\n250ml. su filtre kahve makinenizin su haznesinde 2 seviyesine denk gelmektedir.<br \/>\nNot: De\u011firmen deformasyonu, su kompozisyonu ve demleme h\u0131z\u0131n\u0131za ba\u011fl\u0131 olarak sonu\u00e7lar de\u011fi\u015fiklik g\u00f6sterebilmektedir. Demleme re\u00e7eteleri referans olarak verilmi\u015ftir.<\/p>\n<p>It is recommended that coffee be consumed within 1 year before the package is opened, and within 2 months after opening.<\/p>\n<p>&nbsp;<\/p>\n<p>&nbsp;<\/p>\n<p>&nbsp;<\/p>","protected":false},"excerpt":{"rendered":"<ul>\n<li><span class=\"s1\">Shipping is available throughout Turkey.<\/span><\/li>\n<li>250 GR Morning Coffee<\/li>\n<li>Tad\u0131m Notalar\u0131: Toffee, Karamel ve F\u0131nd\u0131k <\/li>\n<\/ul>","protected":false},"featured_media":203086,"template":"","meta":[],"product_brand":[],"product_cat":[48,170],"product_tag":[37,103,99,117,114,119,121,52,100,115,65,120,107,150,118,151,152,113,97,112],"class_list":{"0":"post-203066","1":"product","2":"type-product","3":"status-publish","4":"has-post-thumbnail","6":"product_cat-genel","7":"product_cat-tumu","8":"product_tag-bitki","9":"product_tag-cicek","10":"product_tag-cocodema","11":"product_tag-design","12":"product_tag-doga","13":"product_tag-florist","14":"product_tag-flower","15":"product_tag-green","16":"product_tag-kokadema","17":"product_tag-nature","18":"product_tag-plant","19":"product_tag-plantist","20":"product_tag-prizma","21":"product_tag-sukulent","22":"product_tag-tasarim","23":"product_tag-teraryum","24":"product_tag-terrarium","25":"product_tag-yesil","26":"product_tag-yosun","27":"product_tag-yosuntopu","29":"first","30":"instock","31":"taxable","32":"shipping-taxable","33":"purchasable","34":"product-type-variable","35":"layout-style-1","36":"col-md-4 col-sm-4 col-xs-6","37":"col-lg-3","38":"product-style-default"},"_links":{"self":[{"href":"https:\/\/www.cocodema.com\/en\/wp-json\/wp\/v2\/product\/203066","targetHints":{"allow":["GET"]}}],"collection":[{"href":"https:\/\/www.cocodema.com\/en\/wp-json\/wp\/v2\/product"}],"about":[{"href":"https:\/\/www.cocodema.com\/en\/wp-json\/wp\/v2\/types\/product"}],"wp:featuredmedia":[{"embeddable":true,"href":"https:\/\/www.cocodema.com\/en\/wp-json\/wp\/v2\/media\/203086"}],"wp:attachment":[{"href":"https:\/\/www.cocodema.com\/en\/wp-json\/wp\/v2\/media?parent=203066"}],"wp:term":[{"taxonomy":"product_brand","embeddable":true,"href":"https:\/\/www.cocodema.com\/en\/wp-json\/wp\/v2\/product_brand?post=203066"},{"taxonomy":"product_cat","embeddable":true,"href":"https:\/\/www.cocodema.com\/en\/wp-json\/wp\/v2\/product_cat?post=203066"},{"taxonomy":"product_tag","embeddable":true,"href":"https:\/\/www.cocodema.com\/en\/wp-json\/wp\/v2\/product_tag?post=203066"}],"curies":[{"name":"wp","href":"https:\/\/api.w.org\/{rel}","templated":true}]}}