{"id":203180,"date":"2025-09-27T01:00:42","date_gmt":"2025-09-26T22:00:42","guid":{"rendered":"https:\/\/www.cocodema.com\/?post_type=product&#038;p=203180"},"modified":"2026-05-04T23:21:09","modified_gmt":"2026-05-04T20:21:09","slug":"copper-cerceve-menekse","status":"publish","type":"product","link":"https:\/\/www.cocodema.com\/en\/product\/copper-cerceve-menekse\/","title":{"rendered":"Copper \u00c7er\u00e7eve | Menek\u015fe"},"content":{"rendered":"<p>Kurutma y\u00f6nteminden ge\u00e7irilen &#8220;menek\u015fe&#8221; \u00e7i\u00e7ekleriyle \u00e7al\u0131\u015f\u0131lan cam \u00e7er\u00e7evenin, alt k\u0131sm\u0131 \u00e7\u0131kar\u0131labilir el yap\u0131m\u0131 ah\u015fapt\u0131r.<\/p>\n<p>Mitolojide a\u015fk\u0131 temsil eden Menek\u015fe, menek\u015fegiller (Violaceae) familyas\u0131na ba\u011fl\u0131 Viola cinsini olu\u015fturan \u00e7o\u011funlukla saks\u0131larda yeti\u015ftirilen bitki t\u00fcrlerinin ortak ad\u0131d\u0131r.<\/p>\n<p>Shocking method and drying method are different techniques. The color of shocked flowers always remains the same as the first day. If you want to make changes to the plant in the Copper Frame, you can take a look at other Copper products, hello@cocodema.com or <a href=\"https:\/\/www.instagram.com\/cocodemaplants\/\">@cocodemaplants<\/a> you can reach our Instagram account.<\/p>\n<p><strong>Menek\u015fenin Anlam\u0131<\/strong><br \/>\nEfsaneye g\u00f6re, bir Japon imparatoru bir zamanlar sevdi\u011fi bir kad\u0131n\u0131 ihmal etti\u011fi i\u00e7in \u00f6z\u00fcr dilemi\u015f ve ailesine mavi ortancalar hediye etmi\u015ftir. Bu nedenle, mavi \u00e7i\u00e7ekler pi\u015fmanl\u0131k, sevgi ve minnettarl\u0131kla ili\u015fkilendirilmi\u015ftir<\/p>\n<p><strong>Mavi Hydrangea Macrophylla(Ortanca) Copper \u00c7er\u00e7eve Bak\u0131m Bilgisi:<\/strong><br \/>\nCopper Frames do not require any maintenance. It is recommended to keep them away from direct sunlight during the hot summer months.<\/p>","protected":false},"excerpt":{"rendered":"<ul>\n<li>Menek\u015fe &#8220;a\u015fk\u0131&#8221; temsil eder<\/li>\n<li>Shocked plants do not change color.<\/li>\n<li>The handmade wooden base is removable.<\/li>\n<li>Shipping is available throughout Turkey<\/li>\n<\/ul>\n<p><strong>Shocked Plant Copper Frame Dimensions:<\/strong><br \/>\nVertical: 25 x 15 cm<br \/>\nYatay: 20 x 20<\/p>","protected":false},"featured_media":203192,"template":"","meta":[],"product_brand":[],"product_cat":[82,236,133,218,48,234,83,154,170],"product_tag":[65],"class_list":{"0":"post-203180","1":"product","2":"type-product","3":"status-publish","4":"has-post-thumbnail","6":"product_cat-aksesuarlar","7":"product_cat-anneler-gunu","8":"product_cat-bakimi-kolay-tasarimlar","9":"product_cat-cerceveler","10":"product_cat-genel","11":"product_cat-sevgililer-gunu","12":"product_cat-tasarimlar","13":"product_cat-topraksiz-bitkiler","14":"product_cat-tumu","15":"product_tag-plant","17":"first","18":"instock","19":"taxable","20":"shipping-taxable","21":"purchasable","22":"product-type-variable","23":"layout-style-1","24":"col-md-4 col-sm-4 col-xs-6","25":"col-lg-3","26":"product-style-default"},"_links":{"self":[{"href":"https:\/\/www.cocodema.com\/en\/wp-json\/wp\/v2\/product\/203180","targetHints":{"allow":["GET"]}}],"collection":[{"href":"https:\/\/www.cocodema.com\/en\/wp-json\/wp\/v2\/product"}],"about":[{"href":"https:\/\/www.cocodema.com\/en\/wp-json\/wp\/v2\/types\/product"}],"wp:featuredmedia":[{"embeddable":true,"href":"https:\/\/www.cocodema.com\/en\/wp-json\/wp\/v2\/media\/203192"}],"wp:attachment":[{"href":"https:\/\/www.cocodema.com\/en\/wp-json\/wp\/v2\/media?parent=203180"}],"wp:term":[{"taxonomy":"product_brand","embeddable":true,"href":"https:\/\/www.cocodema.com\/en\/wp-json\/wp\/v2\/product_brand?post=203180"},{"taxonomy":"product_cat","embeddable":true,"href":"https:\/\/www.cocodema.com\/en\/wp-json\/wp\/v2\/product_cat?post=203180"},{"taxonomy":"product_tag","embeddable":true,"href":"https:\/\/www.cocodema.com\/en\/wp-json\/wp\/v2\/product_tag?post=203180"}],"curies":[{"name":"wp","href":"https:\/\/api.w.org\/{rel}","templated":true}]}}