{"id":3049,"date":"2019-01-28T21:32:16","date_gmt":"2019-01-28T18:32:16","guid":{"rendered":"https:\/\/www.cocodema.com\/new\/product\/import-placeholder-for-4773\/"},"modified":"2026-04-30T12:57:14","modified_gmt":"2026-04-30T09:57:14","slug":"gingko-biloba-cerceve","status":"publish","type":"product","link":"https:\/\/www.cocodema.com\/en\/product\/gingko-biloba-cerceve\/","title":{"rendered":"Gingko Biloba Frame"},"content":{"rendered":"<p><strong>About Gingko Biloba Frame:<\/strong><br \/>\n\u015eoklanma y\u00f6nteminden ge\u00e7irilen &#8220;Gingko Biloba&#8221; bitki yapra\u011f\u0131ndan \u00fcretilen \u00e7er\u00e7evenin ah\u015fab\u0131nda, masif \u00e7am kullan\u0131lm\u0131\u015ft\u0131r.<\/p>\n<p>The shocked plant will always remain green, but you can replace the leaves with your own dried flowers or a new shocked plant if you wish.<\/p>\n<p>The Ginkgo Biloba tree, also known as the Maidenhair Tree or Brain Tree, is a species that, while only recently gaining recognition in Turkey, is commonly found on every street in China and Japan and is widely used in the production of various medicines.<\/p>\n<p>Gingko Biloba Tree located just 1-2 km away from the atomic bomb dropped on Hiroshima<strong>, <\/strong>,after it went down in history as the only living thing to survive the explosion, it began to be studied by botanists. A completely unique species, Gingko Biloba is a plant that cannot be classified with a related species and is considered by botanists to be its own.<\/p>\n<p><strong>Care Information:<\/strong><br \/>\nThere is no need to do any maintenance for the Gingko Biloba Frame. It is recommended to keep it away from direct sunlight during the hot summer months.<\/p>","protected":false},"excerpt":{"rendered":"<ul>\n<li>Gingko Biloba &#8220;sa\u011fl\u0131\u011f\u0131&#8221; temsil eder. <\/li>\n<li>Shocked Gingko does not change color.<\/li>\n<li>Can change plants through glass channels.<\/li>\n<\/ul>\n<p><strong>Shocked Gingko Biloba Frame Dimensions:<\/strong><br \/>\nHeight: 26cm<br \/>\nWidth: 21cm<\/p>","protected":false},"featured_media":5571,"template":"","meta":[],"product_brand":[],"product_cat":[82,133,218,48,83,170],"product_tag":[34,128,37,103,99,117,116,114,119,121,127,129,52,100,111,130,115,65,120,118,81,113,97,112],"class_list":{"0":"post-3049","1":"product","2":"type-product","3":"status-publish","4":"has-post-thumbnail","6":"product_cat-aksesuarlar","7":"product_cat-bakimi-kolay-tasarimlar","8":"product_cat-cerceveler","9":"product_cat-genel","10":"product_cat-tasarimlar","11":"product_cat-tumu","12":"product_tag-ahsap","13":"product_tag-biloba","14":"product_tag-bitki","15":"product_tag-cicek","16":"product_tag-cocodema","17":"product_tag-design","18":"product_tag-dizayn","19":"product_tag-doga","20":"product_tag-florist","21":"product_tag-flower","22":"product_tag-ginko","23":"product_tag-ginkobiloba","24":"product_tag-green","25":"product_tag-kokadema","26":"product_tag-kokedama","27":"product_tag-leaf","28":"product_tag-nature","29":"product_tag-plant","30":"product_tag-plantist","31":"product_tag-tasarim","32":"product_tag-yaprak","33":"product_tag-yesil","34":"product_tag-yosun","35":"product_tag-yosuntopu","37":"first","38":"instock","39":"taxable","40":"shipping-taxable","41":"purchasable","42":"product-type-simple","43":"layout-style-1","44":"col-md-4 col-sm-4 col-xs-6","45":"col-lg-3","46":"product-has-gallery","47":"product-style-default"},"_links":{"self":[{"href":"https:\/\/www.cocodema.com\/en\/wp-json\/wp\/v2\/product\/3049","targetHints":{"allow":["GET"]}}],"collection":[{"href":"https:\/\/www.cocodema.com\/en\/wp-json\/wp\/v2\/product"}],"about":[{"href":"https:\/\/www.cocodema.com\/en\/wp-json\/wp\/v2\/types\/product"}],"wp:featuredmedia":[{"embeddable":true,"href":"https:\/\/www.cocodema.com\/en\/wp-json\/wp\/v2\/media\/5571"}],"wp:attachment":[{"href":"https:\/\/www.cocodema.com\/en\/wp-json\/wp\/v2\/media?parent=3049"}],"wp:term":[{"taxonomy":"product_brand","embeddable":true,"href":"https:\/\/www.cocodema.com\/en\/wp-json\/wp\/v2\/product_brand?post=3049"},{"taxonomy":"product_cat","embeddable":true,"href":"https:\/\/www.cocodema.com\/en\/wp-json\/wp\/v2\/product_cat?post=3049"},{"taxonomy":"product_tag","embeddable":true,"href":"https:\/\/www.cocodema.com\/en\/wp-json\/wp\/v2\/product_tag?post=3049"}],"curies":[{"name":"wp","href":"https:\/\/api.w.org\/{rel}","templated":true}]}}