{"id":425331,"date":"2025-12-11T15:20:13","date_gmt":"2025-12-11T12:20:13","guid":{"rendered":"https:\/\/www.cocodema.com\/?post_type=product&#038;p=425331"},"modified":"2025-12-11T15:36:40","modified_gmt":"2025-12-11T12:36:40","slug":"winter-botanical","status":"publish","type":"product","link":"https:\/\/www.cocodema.com\/en\/product\/winter-botanical\/","title":{"rendered":"Winter Botanical"},"content":{"rendered":"<p><strong>Winter Botanical\u00a0Hakk\u0131nda:<br \/>\n<\/strong>K\u0131\u015f \u00e7amlar\u0131n\u0131n ferahlat\u0131c\u0131 etkisini s\u0131cak bir dokunu\u015fla evinize ta\u015f\u0131yacak olan Botanical Winter, canl\u0131 ve g\u00f6steri\u015fli bir aranjman olarak uzun s\u00fcre canl\u0131l\u0131\u011f\u0131n\u0131 koruyacak. <\/p>\n<p>Winter Botanical, \u00e7am bazl\u0131 bir \u00e7i\u00e7ek aranjman\u0131d\u0131r. Bitkilerin\/\u00e7i\u00e7eklerin alt\u0131ndaki oasis s\u00fcngeri her g\u00fcn sulaman\u0131z gerekir. Mumlar yak\u0131m\u0131n sonuna do\u011fru geldi\u011finde kullan\u0131m\u0131 sonland\u0131rabilirsiniz.<\/p>\n<p>Aranjman\u0131n\u0131zdaki \u00e7amlar en az 20 g\u00fcn tazeli\u011fini korur. Klima etkisinden ve s\u0131caktan uzak tutunuz.<\/p>\n<p>&nbsp;<\/p>","protected":false},"excerpt":{"rendered":"<ul>\n<li>Uzun \u00d6m\u00fcrl\u00fc K\u0131\u015f Aranjman\u0131 <\/li>\n<li class=\"p1\"><span class=\"s1\">Klima Etkisinde Uzak Tutunuz<\/span><\/li>\n<li>Yaln\u0131zca \u0130stanbul \u0130\u00e7i G\u00f6nderim<\/li>\n<\/ul>\n<p><b>Winter Botanical \u00d6l\u00e7\u00fcleri<\/b><\/p>\n<ul>\n<li>Y\u00fckseklik: 70cm<\/li>\n<li>Geni\u015flik: 45cm<\/li>\n<\/ul>\n<p>\u00a0<\/p>","protected":false},"featured_media":425333,"template":"","meta":[],"product_brand":[],"product_cat":[133,84,48,170],"product_tag":[37,103,99,117,116,114,119,121,52,100,111,115,132,131,65,120,118,113,97,112],"class_list":{"0":"post-425331","1":"product","2":"type-product","3":"status-publish","4":"has-post-thumbnail","6":"product_cat-bakimi-kolay-tasarimlar","7":"product_cat-bitkiler","8":"product_cat-genel","9":"product_cat-tumu","10":"product_tag-bitki","11":"product_tag-cicek","12":"product_tag-cocodema","13":"product_tag-design","14":"product_tag-dizayn","15":"product_tag-doga","16":"product_tag-florist","17":"product_tag-flower","18":"product_tag-green","19":"product_tag-kokadema","20":"product_tag-kokedama","21":"product_tag-nature","22":"product_tag-peperomioides","23":"product_tag-pilea","24":"product_tag-plant","25":"product_tag-plantist","26":"product_tag-tasarim","27":"product_tag-yesil","28":"product_tag-yosun","29":"product_tag-yosuntopu","31":"first","32":"instock","33":"taxable","34":"shipping-taxable","35":"purchasable","36":"product-type-simple","37":"layout-style-1","38":"col-md-4 col-sm-4 col-xs-6","39":"col-lg-3","40":"product-has-gallery","41":"product-style-default"},"_links":{"self":[{"href":"https:\/\/www.cocodema.com\/en\/wp-json\/wp\/v2\/product\/425331","targetHints":{"allow":["GET"]}}],"collection":[{"href":"https:\/\/www.cocodema.com\/en\/wp-json\/wp\/v2\/product"}],"about":[{"href":"https:\/\/www.cocodema.com\/en\/wp-json\/wp\/v2\/types\/product"}],"wp:featuredmedia":[{"embeddable":true,"href":"https:\/\/www.cocodema.com\/en\/wp-json\/wp\/v2\/media\/425333"}],"wp:attachment":[{"href":"https:\/\/www.cocodema.com\/en\/wp-json\/wp\/v2\/media?parent=425331"}],"wp:term":[{"taxonomy":"product_brand","embeddable":true,"href":"https:\/\/www.cocodema.com\/en\/wp-json\/wp\/v2\/product_brand?post=425331"},{"taxonomy":"product_cat","embeddable":true,"href":"https:\/\/www.cocodema.com\/en\/wp-json\/wp\/v2\/product_cat?post=425331"},{"taxonomy":"product_tag","embeddable":true,"href":"https:\/\/www.cocodema.com\/en\/wp-json\/wp\/v2\/product_tag?post=425331"}],"curies":[{"name":"wp","href":"https:\/\/api.w.org\/{rel}","templated":true}]}}