{"id":4784,"date":"2021-11-08T18:22:12","date_gmt":"2021-11-08T15:22:12","guid":{"rendered":"https:\/\/www.cocodema.com\/new\/product\/import-placeholder-for-4713\/"},"modified":"2026-03-16T12:22:42","modified_gmt":"2026-03-16T09:22:42","slug":"prizma-ananas-cocodema","status":"publish","type":"product","link":"https:\/\/www.cocodema.com\/en\/product\/prizma-ananas-cocodema\/","title":{"rendered":"Prism Pineapple Cocodema"},"content":{"rendered":"<p class=\"p1\"><span class=\"s1\"><b>About Prism Pineapple Cocodema<\/b><\/span><\/p>\n<p class=\"p1\"><span class=\"s1\"> The plant used in the kokedama method inside Prisma Ananas is Haworthia Fasciata, which originates from South Africa. The Haworthia plant, which is easy to care for at home, is also very suitable for cocodema (kokedama) making due to its simple root structure.<\/span><\/p>\n<p class=\"p1\"><span class=\"s1\">Known as \"Snake Skin Flower\" in Turkish, the Haworthia plant thrives among rocks and stones in its native habitat. Haworthia, which does not particularly like cold winters, may rarely produce a weak and unremarkable flower after harsh winters.<\/span><\/p>\n<p class=\"p1\"><span class=\"s1\"> The material of the frame outside the design is copper (rose color) and brass (gold color).<span class=\"Apple-converted-space\">\u00a0 <\/span>Bak\u0131r ve pirin\u00e7 \u00e7ubuklar aras\u0131nda cam bulunmaz.<\/span><\/p>\n<p class=\"p1\"><span class=\"s1\">Although its geometric shape corresponds to a \"tetrahedron,\" the design is named as a prism. <\/span><\/p>\n<p class=\"p1\"><span class=\"s1\"> Prism Ananas Cocodema, which is a suitable and modern gift option for office desks, can also be easily shipped outside Istanbul.<\/span><\/p>\n<p class=\"p1\"><span class=\"s1\">Pet Friendly.\u00a0<\/span><\/p>\n<p class=\"p1\"><span class=\"s1\"><b>Care Information:<\/b><\/span><\/p>\n<p class=\"p1\"><span class=\"s1\">You should water your Prisma Ananas Cocodema once a month by placing it in a container filled with water for 10-15 minutes. After watering your Cocodema (kokedama), you can gently squeeze the moss ball in your palm to remove excess water without distorting its shape. You do not need to remove your Cocodema from the prism during the watering process. In the modern design with copper or metal, you can tilt the metal part to the side and immerse the moss ball in the water. During hot summer months, since your Cocodema will lose more moisture, you can reduce the watering frequency to \"once every 15-20 days.\"\u00a0<\/span><\/p>\n<p class=\"p1\"><span class=\"s1\">Although Prisma Ananas Cocodema prefers bright environments without direct sunlight, it can also adapt to semi-bright conditions. <\/span><\/p>\n<p class=\"p1\"><span class=\"s1\">Your Prism Pineapple Cocodema can live in the existing moss ball for at least 2 years. After 2 years, you can contact us for maintenance.\u00a0<\/span><\/p>","protected":false},"excerpt":{"rendered":"<ul>\n<li class=\"p1\"><span class=\"s1\">Pet Friendly<\/span><\/li>\n<li class=\"p1\"><span class=\"s1\">Low Light<\/span><\/li>\n<li class=\"p1\"><span class=\"s1\">Less Water<\/span><\/li>\n<li>Stand includes Mini Cocodema<\/li>\n<\/ul>\n<p><strong>Product Dimensions:<\/strong><\/p>\n<ul>\n<li>Height:  24 cm<\/li>\n<li>Width: 12 cm<\/li>\n<\/ul>","protected":false},"featured_media":3052,"template":"","meta":[],"product_brand":[],"product_cat":[133,234,83,170],"product_tag":[37,103,99,117,116,114,119,121,52,96,100,111,115,106,65,120,105,107,118,113,97,112],"class_list":{"0":"post-4784","1":"product","2":"type-product","3":"status-publish","4":"has-post-thumbnail","6":"product_cat-bakimi-kolay-tasarimlar","7":"product_cat-sevgililer-gunu","8":"product_cat-tasarimlar","9":"product_cat-tumu","10":"product_tag-bitki","11":"product_tag-cicek","12":"product_tag-cocodema","13":"product_tag-design","14":"product_tag-dizayn","15":"product_tag-doga","16":"product_tag-florist","17":"product_tag-flower","18":"product_tag-green","19":"product_tag-jar","20":"product_tag-kokadema","21":"product_tag-kokedama","22":"product_tag-nature","23":"product_tag-pineapple","24":"product_tag-plant","25":"product_tag-plantist","26":"product_tag-prism","27":"product_tag-prizma","28":"product_tag-tasarim","29":"product_tag-yesil","30":"product_tag-yosun","31":"product_tag-yosuntopu","33":"first","34":"instock","35":"taxable","36":"shipping-taxable","37":"purchasable","38":"product-type-variable","39":"layout-style-1","40":"col-md-4 col-sm-4 col-xs-6","41":"col-lg-3","42":"product-has-gallery","43":"product-style-default"},"_links":{"self":[{"href":"https:\/\/www.cocodema.com\/en\/wp-json\/wp\/v2\/product\/4784","targetHints":{"allow":["GET"]}}],"collection":[{"href":"https:\/\/www.cocodema.com\/en\/wp-json\/wp\/v2\/product"}],"about":[{"href":"https:\/\/www.cocodema.com\/en\/wp-json\/wp\/v2\/types\/product"}],"wp:featuredmedia":[{"embeddable":true,"href":"https:\/\/www.cocodema.com\/en\/wp-json\/wp\/v2\/media\/3052"}],"wp:attachment":[{"href":"https:\/\/www.cocodema.com\/en\/wp-json\/wp\/v2\/media?parent=4784"}],"wp:term":[{"taxonomy":"product_brand","embeddable":true,"href":"https:\/\/www.cocodema.com\/en\/wp-json\/wp\/v2\/product_brand?post=4784"},{"taxonomy":"product_cat","embeddable":true,"href":"https:\/\/www.cocodema.com\/en\/wp-json\/wp\/v2\/product_cat?post=4784"},{"taxonomy":"product_tag","embeddable":true,"href":"https:\/\/www.cocodema.com\/en\/wp-json\/wp\/v2\/product_tag?post=4784"}],"curies":[{"name":"wp","href":"https:\/\/api.w.org\/{rel}","templated":true}]}}