{"id":5368,"date":"2019-05-03T21:58:50","date_gmt":"2019-05-03T18:58:50","guid":{"rendered":"https:\/\/www.cocodema.com\/?post_type=product&#038;p=5368"},"modified":"2026-03-11T13:02:57","modified_gmt":"2026-03-11T10:02:57","slug":"soklanmis-bitkili-copper-cerceve","status":"publish","type":"product","link":"https:\/\/www.cocodema.com\/en\/product\/soklanmis-bitkili-copper-cerceve\/","title":{"rendered":"Copper Frame | Gingko Biloba"},"content":{"rendered":"<p>\u015eoklanma y\u00f6nteminden ge\u00e7irilen bitki yapraklar\u0131yla \u00e7al\u0131\u015f\u0131lan \u00e7er\u00e7evenin, alt k\u0131sm\u0131 \u00e7\u0131kar\u0131labilir el yap\u0131m\u0131 ah\u015fapt\u0131r.<br \/>\nThe color of shocked plants always remains the same as the first day. If you want to make changes to the plants, hello@cocodema.com or <a href=\"https:\/\/www.instagram.com\/cocodemaplants\/\">@cocodemaplants<\/a> you can contact us via our Instagram account.<br \/>\nAdiantum Raddianum plant; is commonly known as \"Venus Tea\" in Turkish and Maidenhair Fern in English. You can often find the tropical \"Adiantum Raddianum\" plant on riverbanks. Preferring warm environments, the plant differs from other fern species with its delicate leaves.<br \/>\nThe Ginkgo Biloba tree, also known as the Temple Tree or Brain Tree, although it has just started to be heard in Turkey, is a common tree species found on every street in China and Japan and used in the production of many medicines.<\/p>\n<p><strong>Care Information:<\/strong><br \/>\nCopper Frames do not require any maintenance. It is recommended to keep them away from direct sunlight during the hot summer months.<\/p>","protected":false},"excerpt":{"rendered":"<ul>\n<li>Gingko Biloba &#8220;sa\u011fl\u0131\u011f\u0131&#8221; temsil eder.<\/li>\n<li>Customizable to specific requests.<\/li>\n<li>Shocked plants do not change color.<\/li>\n<li>The handmade wooden base is removable.<\/li>\n<\/ul>\n<p><strong>Shocked Plant Copper Frame Dimensions:<\/strong><br \/>\nHeight: 20 cm<br \/>\nWidth: 20 cm<\/p>","protected":false},"featured_media":6476,"template":"","meta":[],"product_brand":[],"product_cat":[82,133,218,48,234,83,170],"product_tag":[],"class_list":{"0":"post-5368","1":"product","2":"type-product","3":"status-publish","4":"has-post-thumbnail","6":"product_cat-aksesuarlar","7":"product_cat-bakimi-kolay-tasarimlar","8":"product_cat-cerceveler","9":"product_cat-genel","10":"product_cat-sevgililer-gunu","11":"product_cat-tasarimlar","12":"product_cat-tumu","14":"first","15":"instock","16":"featured","17":"taxable","18":"shipping-taxable","19":"purchasable","20":"product-type-variable","21":"has-default-attributes","22":"layout-style-1","23":"col-md-4 col-sm-4 col-xs-6","24":"col-lg-3","25":"product-has-gallery","26":"product-style-default"},"_links":{"self":[{"href":"https:\/\/www.cocodema.com\/en\/wp-json\/wp\/v2\/product\/5368","targetHints":{"allow":["GET"]}}],"collection":[{"href":"https:\/\/www.cocodema.com\/en\/wp-json\/wp\/v2\/product"}],"about":[{"href":"https:\/\/www.cocodema.com\/en\/wp-json\/wp\/v2\/types\/product"}],"wp:featuredmedia":[{"embeddable":true,"href":"https:\/\/www.cocodema.com\/en\/wp-json\/wp\/v2\/media\/6476"}],"wp:attachment":[{"href":"https:\/\/www.cocodema.com\/en\/wp-json\/wp\/v2\/media?parent=5368"}],"wp:term":[{"taxonomy":"product_brand","embeddable":true,"href":"https:\/\/www.cocodema.com\/en\/wp-json\/wp\/v2\/product_brand?post=5368"},{"taxonomy":"product_cat","embeddable":true,"href":"https:\/\/www.cocodema.com\/en\/wp-json\/wp\/v2\/product_cat?post=5368"},{"taxonomy":"product_tag","embeddable":true,"href":"https:\/\/www.cocodema.com\/en\/wp-json\/wp\/v2\/product_tag?post=5368"}],"curies":[{"name":"wp","href":"https:\/\/api.w.org\/{rel}","templated":true}]}}