{"id":5519,"date":"2019-09-23T15:20:55","date_gmt":"2019-09-23T12:20:55","guid":{"rendered":"https:\/\/www.cocodema.com\/?post_type=product&#038;p=5519"},"modified":"2025-01-07T12:24:39","modified_gmt":"2025-01-07T09:24:39","slug":"tillandsia-kolbii-air-plant","status":"publish","type":"product","link":"https:\/\/www.cocodema.com\/en\/product\/tillandsia-kolbii-air-plant\/","title":{"rendered":"Tillandsia Kolbii Air Plant"},"content":{"rendered":"<p><strong>About Tillandsia Kolbii Air Plant:<\/strong><br \/>\nThe basic care features of air plants that live without soil are largely the same. Air Plants belong to the Tillandsia genus, which has approximately 630 different species native to Mexico, Central and South America. All Tillandsias are a type of Bromeliad, but not all Bromeliads are Tillandsias (Air Plants). In summary, Bromeliad is a family, while Tillandsia is a genus.<\/p>\n<p>Al\u0131\u015f\u0131k olunmayan ya\u015fam tarzlar\u0131 ile hava bitkileri, ya\u015famlar\u0131 i\u00e7in gerekli nem ve besini y\u00fczeylerindeki t\u00fcyc\u00fckler (trikomlar) ile al\u0131rlar. Tillandsia Kolbii t\u00fcr\u00fcn\u00fcn, trikomlar\u0131 bir\u00e7ok airplante g\u00f6re daha az belirgin olsa da \u00f6zellikle yavru yapraklara yak\u0131ndan bakt\u0131\u011f\u0131n\u0131zda g\u00f6r\u00fclebilecek t\u00fcrdedir.\u00a0 Kurak alanlarda ya\u015fayan air plantlerin (xerophythes gibi) trikomlar\u0131yla, sulak iklimde ya\u015fan hava bitkilerinin(mezopythes) t\u00fcyc\u00fckleri tamamen farkl\u0131d\u0131r.\u00a0 Meksika&#8217;ya \u00f6zg\u00fc bir t\u00fcr olan Tillandsia Kolbii ise, parlak ye\u015fil g\u00f6r\u00fcn\u00fcm\u00fcn\u00fc belirgin olmayan trikomlara ve dolay\u0131s\u0131yla ya\u015fad\u0131\u011f\u0131 co\u011frafya olan Meksika&#8217;ya bor\u00e7ludur.<\/p>\n<p>Tillandsia Kolbii&#8217;nin \u00e7i\u00e7ekleri mor renktedir. Air plant ailesinde Tillandsia Kolbii&#8217;ye benzeyen t\u00fcrler; Tillandsia ionantha, scaposa, stricta ve plagiotrophica&#8217;d\u0131r.<\/p>\n<p>We recommend that you do not prefer air plants sprayed with white paint, both for the longevity of your air plant and for your own health.<\/p>\n<p>Tillandsia Kolbii grows faster than many other air plants.<br \/>\nHeight: 6 cm<br \/>\nWidth: 9 cm<\/p>\n<p><strong>Tillandsia Kolbii Hava Bitkisinin Bak\u0131m Bilgisi:<\/strong><\/p>\n<p>A detailed care card is sent with your order.<\/p>\n<ul>\n<li style=\"text-align: left;\"><strong>Watering:<\/strong><br \/>\nYou can water your air plant by spraying it with a spray or by immersing it in water. Spraying with a spray is not the ideal method, but you can use the spray method in cases where it is difficult to carry the air plant (if your air plant is too large or its roots are tightly attached). When watering your air plant with a spray, make sure that all parts (except the flower, if any) are wet. Immersion in water, which is another air plant watering method, is more economical in terms of time since it is done at less frequent intervals. The entire air plant is immersed in water and left in the water for about 2 hours. Then, you should make sure that the water remaining between the leaves is removed by holding the air plant upside down. The biggest mistake in air plant care is not being able to dry it properly after watering. Whatever your air plant watering method is, be sure to dry it completely within 4 hours at the most and remove the water from the inside by holding it upside down for a while.<\/li>\n<li style=\"text-align: left;\"><strong>Temperature:<\/strong><br \/>\nAir plants thrive in temperatures between 10\u00b0C and 35\u00b0C. They will enjoy being placed on a balcony during the summer months. Air plants kept in office environments should be kept away from direct air conditioning.<\/li>\n<li style=\"text-align: left;\"><strong>Light<br \/>\n<\/strong>Air plants need a lot of light, but like many plants, they don't prefer direct sunlight.<\/li>\n<li style=\"text-align: left;\"><strong>Food:<\/strong><br \/>\nYou can obtain liquid fertilizers produced for the Bromeliad family, which help air plants grow and bloom. If you cannot find this liquid fertilizer, orchid fertilizer, which you will add 1 cap to 1 liter of water, will do the trick.<\/li>\n<li style=\"text-align: left;\"><strong>Flowering and Propagation:<\/strong><br \/>\nThe flowering of air plants indicates they are pregnant. A while after the flower dies, you can see the baby or babies at the root of the air plant. When the babies reach a certain maturity, the mother will kill herself. In this case, you should carefully separate the baby air plants from the mother and continue their care separately.<\/li>\n<li style=\"text-align: left;\"><strong>Display:<\/strong><br \/>\nFor the presentation of Tillandsia Kolbii, you can take a look at \u201cPrism Airplant Stands\u201d.<\/li>\n<\/ul>\n<p>You can find detailed information about the care of air plants in our <a href=\"https:\/\/www.cocodema.com\/en\/2017\/07\/05\/doganin-ozgur-ruhlu-aktivist-bitkisi-air-plant\/\">blog<\/a> post.<\/p>","protected":false},"excerpt":{"rendered":"<ul>\n<li class=\"p1\"><span class=\"s1\">Pet Friedly<\/span><\/li>\n<li class=\"p1\"><span class=\"s1\">Indirect Sunlight<\/span><\/li>\n<li>Detailed Care Information Card<\/li>\n<li>Shipping is available throughout Turkey.<\/li>\n<\/ul>\n<p>&nbsp;<\/p>","protected":false},"featured_media":5520,"template":"","meta":[],"product_brand":[],"product_cat":[133,84,48,170],"product_tag":[37,103,99,117,116,114,119,121,52,100,111,115,132,131,65,120,118,113,97,112],"class_list":{"0":"post-5519","1":"product","2":"type-product","3":"status-publish","4":"has-post-thumbnail","6":"product_cat-bakimi-kolay-tasarimlar","7":"product_cat-bitkiler","8":"product_cat-genel","9":"product_cat-tumu","10":"product_tag-bitki","11":"product_tag-cicek","12":"product_tag-cocodema","13":"product_tag-design","14":"product_tag-dizayn","15":"product_tag-doga","16":"product_tag-florist","17":"product_tag-flower","18":"product_tag-green","19":"product_tag-kokadema","20":"product_tag-kokedama","21":"product_tag-nature","22":"product_tag-peperomioides","23":"product_tag-pilea","24":"product_tag-plant","25":"product_tag-plantist","26":"product_tag-tasarim","27":"product_tag-yesil","28":"product_tag-yosun","29":"product_tag-yosuntopu","31":"first","32":"instock","33":"taxable","34":"shipping-taxable","35":"purchasable","36":"product-type-simple","37":"layout-style-1","38":"col-md-4 col-sm-4 col-xs-6","39":"col-lg-3","40":"product-style-default"},"_links":{"self":[{"href":"https:\/\/www.cocodema.com\/en\/wp-json\/wp\/v2\/product\/5519","targetHints":{"allow":["GET"]}}],"collection":[{"href":"https:\/\/www.cocodema.com\/en\/wp-json\/wp\/v2\/product"}],"about":[{"href":"https:\/\/www.cocodema.com\/en\/wp-json\/wp\/v2\/types\/product"}],"wp:featuredmedia":[{"embeddable":true,"href":"https:\/\/www.cocodema.com\/en\/wp-json\/wp\/v2\/media\/5520"}],"wp:attachment":[{"href":"https:\/\/www.cocodema.com\/en\/wp-json\/wp\/v2\/media?parent=5519"}],"wp:term":[{"taxonomy":"product_brand","embeddable":true,"href":"https:\/\/www.cocodema.com\/en\/wp-json\/wp\/v2\/product_brand?post=5519"},{"taxonomy":"product_cat","embeddable":true,"href":"https:\/\/www.cocodema.com\/en\/wp-json\/wp\/v2\/product_cat?post=5519"},{"taxonomy":"product_tag","embeddable":true,"href":"https:\/\/www.cocodema.com\/en\/wp-json\/wp\/v2\/product_tag?post=5519"}],"curies":[{"name":"wp","href":"https:\/\/api.w.org\/{rel}","templated":true}]}}