{"id":6468,"date":"2024-02-01T22:30:54","date_gmt":"2024-02-01T19:30:54","guid":{"rendered":"https:\/\/www.cocodema.com\/?post_type=product&#038;p=6468"},"modified":"2026-01-23T12:47:32","modified_gmt":"2026-01-23T09:47:32","slug":"copper-cerceve-lovegrass","status":"publish","type":"product","link":"https:\/\/www.cocodema.com\/en\/product\/copper-cerceve-lovegrass\/","title":{"rendered":"Copper Frame | Lovegrass"},"content":{"rendered":"<p>Kurutma y\u00f6nteminden ge\u00e7irilen &#8220;Eragrostis Seundiflora&#8221; dallar\u0131yla \u00e7al\u0131\u015f\u0131lan cam \u00e7er\u00e7evenin, alt k\u0131sm\u0131 \u00e7\u0131kar\u0131labilir el yap\u0131m\u0131 ah\u015fapt\u0131r.<\/p>\n<p>Eragrostis, \u00e7im ailesindeki geni\u015f ve yayg\u0131n bir bitki cinsidir, bir\u00e7ok \u00fclkede t\u00fcm yerle\u015fik k\u0131talarda ve bir\u00e7ok adada bulunur. Eragrostis yayg\u0131n olarak lovegrass veya canegrass olarak bilinir. Cinsin ad\u0131 Yunanca &#8220;a\u015fk&#8221; anlam\u0131na gelen \u1f14\u03c1\u03c9\u03c2 ve &#8220;\u00e7im&#8221; anlam\u0131na gelen \u1f04\u03b3\u03c1\u03c9\u03c3\u03c4\u03b9\u03c2 kelimelerinden t\u00fcretilmi\u015ftir.\u00a0 A\u015fk&#8217;\u0131 temsil eden bitkisin t\u00fcrk\u00e7esi &#8220;salk\u0131m yulaf&#8221;t\u0131r.<\/p>\n<p>The color of shocked plants always remains the same as the first day. If you want to change the plant in the Copper Frame, you can take a look at other Copper products, hello@cocodema.com or <a href=\"https:\/\/www.instagram.com\/cocodemaplants\/\">@cocodemaplants<\/a> you can reach our Instagram account.<\/p>\n<p>The fern used in the design is among the first plants to show signs of life on Earth after fungi.<\/p>\n<p><strong>Lovegrass Copper \u00c7er\u00e7eve Bak\u0131m Bilgisi:<\/strong><br \/>\nCopper Frames do not require any maintenance. It is recommended to keep them away from direct sunlight during the hot summer months.<\/p>","protected":false},"excerpt":{"rendered":"<ul>\n<li>Eragrostis represents \u201clove\u201d<\/li>\n<li>Customizable to specific requests.<\/li>\n<li>Shocked plants do not change color.<\/li>\n<li>The handmade wooden base is removable.<\/li>\n<li>Shipping is available throughout Turkey<\/li>\n<\/ul>\n<p><strong>Shocked Plant Copper Frame Dimensions:<\/strong><br \/>\nVertical: 25 x 15 cm<br \/>\nHorizontal: 20\u00d720<\/p>","protected":false},"featured_media":10712,"template":"","meta":[],"product_brand":[],"product_cat":[82,133,218,48,234,83,154,170],"product_tag":[65],"class_list":{"0":"post-6468","1":"product","2":"type-product","3":"status-publish","4":"has-post-thumbnail","6":"product_cat-aksesuarlar","7":"product_cat-bakimi-kolay-tasarimlar","8":"product_cat-cerceveler","9":"product_cat-genel","10":"product_cat-sevgililer-gunu","11":"product_cat-tasarimlar","12":"product_cat-topraksiz-bitkiler","13":"product_cat-tumu","14":"product_tag-plant","16":"first","17":"instock","18":"taxable","19":"shipping-taxable","20":"purchasable","21":"product-type-variable","22":"layout-style-1","23":"col-md-4 col-sm-4 col-xs-6","24":"col-lg-3","25":"product-has-gallery","26":"product-style-default"},"_links":{"self":[{"href":"https:\/\/www.cocodema.com\/en\/wp-json\/wp\/v2\/product\/6468","targetHints":{"allow":["GET"]}}],"collection":[{"href":"https:\/\/www.cocodema.com\/en\/wp-json\/wp\/v2\/product"}],"about":[{"href":"https:\/\/www.cocodema.com\/en\/wp-json\/wp\/v2\/types\/product"}],"wp:featuredmedia":[{"embeddable":true,"href":"https:\/\/www.cocodema.com\/en\/wp-json\/wp\/v2\/media\/10712"}],"wp:attachment":[{"href":"https:\/\/www.cocodema.com\/en\/wp-json\/wp\/v2\/media?parent=6468"}],"wp:term":[{"taxonomy":"product_brand","embeddable":true,"href":"https:\/\/www.cocodema.com\/en\/wp-json\/wp\/v2\/product_brand?post=6468"},{"taxonomy":"product_cat","embeddable":true,"href":"https:\/\/www.cocodema.com\/en\/wp-json\/wp\/v2\/product_cat?post=6468"},{"taxonomy":"product_tag","embeddable":true,"href":"https:\/\/www.cocodema.com\/en\/wp-json\/wp\/v2\/product_tag?post=6468"}],"curies":[{"name":"wp","href":"https:\/\/api.w.org\/{rel}","templated":true}]}}