{"id":6691,"date":"2025-09-26T21:57:32","date_gmt":"2025-09-26T18:57:32","guid":{"rendered":"https:\/\/www.cocodema.com\/?post_type=product&#038;p=6691"},"modified":"2025-12-02T14:50:21","modified_gmt":"2025-12-02T11:50:21","slug":"morning-box","status":"publish","type":"product","link":"https:\/\/www.cocodema.com\/en\/product\/morning-box\/","title":{"rendered":"Morning Box"},"content":{"rendered":"<p class=\"p1\"><span class=\"s1\"><b>Morning Box Hakk\u0131nda:<\/b><\/span><\/p>\n<p>Stoneware el yap\u0131m\u0131 bardak, y\u0131kanarak tekrar kullan\u0131labilecek bez filtre ve kuruyemi\u015f notalar\u0131 ile sabah playlistinize e\u015flik edecek keyifli bir kahve \u00e7ekirde\u011fi ile Morning Box, kahveseverler i\u00e7in lezzetli, kal\u0131c\u0131, do\u011fa dostu bir hediye se\u00e7ene\u011fi olacak. <\/p>\n<p>Dengeli g\u00f6vdesi, hafif tatl\u0131l\u0131\u011f\u0131 ve d\u00fc\u015f\u00fck asiditesi ile hem filtrede hem de espresso bazl\u0131 i\u00e7imlerde tercih edilebilir. Sabah rit\u00fcellerinize e\u015flik edebilece\u011fi gibi g\u00fcnl\u00fck kahve t\u00fcketiminize de uygun, keyifli bir i\u00e7im performans\u0131 sunar.<\/p>\n<p>Espresso Demleme Re\u00e7etesi:<\/p>\n<p>Kahve: 17gr.<br \/>\n\u00d6\u011f\u00fct\u00fcm:6-10 click aras\u0131 (Comandante)<br \/>\nS\u00fcre: 28-30sn.<br \/>\n\u0130\u00e7ecek: 36ml.<br \/>\nSu:94 derece (80-100ppm) (9bar sabit bas\u0131n\u00e7)<br \/>\nA\u015famalar:<br \/>\n\u00d6\u011f\u00fct\u00fclm\u00fc\u015f kahvenizi porta filtre sepetine ekleyin.<br \/>\nKahvenizi d\u00fczeltin ve ortalama 8-10kg kuvvet ile s\u0131k\u0131\u015ft\u0131r\u0131n.<br \/>\n\u0130lk damlan\u0131n 5-7sn. aral\u0131\u011f\u0131nda fincana d\u00fc\u015fmesi gerekmektedir.<br \/>\nToplam i\u00e7ecek miktar\u0131 36ml. demleme s\u00fcresi 28-30 sn aral\u0131\u011f\u0131nda olmal\u0131d\u0131r.<br \/>\nFiltre Kahve Demleme Re\u00e7etesi:<\/p>\n<p>Kahve: 15gr.<br \/>\n\u00d6\u011f\u00fct\u00fcm: 28-30 click aras\u0131 (Comandante)<br \/>\nSu: 250ml. (80-100ppm)<br \/>\nA\u015famalar:<br \/>\nFiltrenizi \u0131slat\u0131n ve \u00f6\u011f\u00fct\u00fclm\u00fc\u015f kahvenizi hazneye ekleyin.<br \/>\nSu haznesinin 2 numaral\u0131 seviyesine kadar su ekleyin.<br \/>\nMakinenizi \u00e7al\u0131\u015ft\u0131r\u0131n ve demlemenin bitmesini bekleyin.<\/p>\n<p>Not: 1 fincan filtre kahve i\u00e7in ideal kahve su oran\u0131d\u0131r. Kahve gramaj\u0131n\u0131 ve su miktar\u0131n\u0131 katlar\u0131 \u015feklinde art\u0131rarak daha fazla kahve demleyebilirsiniz. <\/p>\n<p>&nbsp;<\/p>","protected":false},"excerpt":{"rendered":"<ul>\n<li><span class=\"s1\">Shipping is available throughout Turkey.<\/span><\/li>\n<li> Do\u011fa Dostu Y\u0131kanabilir Bez Filtre <\/li>\n<li> Stoneware El Yap\u0131m\u0131 Bardak<\/li>\n<li>250 GR Organik Kahve <\/li>","protected":false},"featured_media":203138,"template":"","meta":[],"product_brand":[],"product_cat":[133,84,48,83,170],"product_tag":[37,103,99,117,114,119,121,52,100,115,65,120,107,150,118,151,152,113,97,112],"class_list":{"0":"post-6691","1":"product","2":"type-product","3":"status-publish","4":"has-post-thumbnail","6":"product_cat-bakimi-kolay-tasarimlar","7":"product_cat-bitkiler","8":"product_cat-genel","9":"product_cat-tasarimlar","10":"product_cat-tumu","11":"product_tag-bitki","12":"product_tag-cicek","13":"product_tag-cocodema","14":"product_tag-design","15":"product_tag-doga","16":"product_tag-florist","17":"product_tag-flower","18":"product_tag-green","19":"product_tag-kokadema","20":"product_tag-nature","21":"product_tag-plant","22":"product_tag-plantist","23":"product_tag-prizma","24":"product_tag-sukulent","25":"product_tag-tasarim","26":"product_tag-teraryum","27":"product_tag-terrarium","28":"product_tag-yesil","29":"product_tag-yosun","30":"product_tag-yosuntopu","32":"first","33":"instock","34":"taxable","35":"shipping-taxable","36":"purchasable","37":"product-type-variable","38":"layout-style-1","39":"col-md-4 col-sm-4 col-xs-6","40":"col-lg-3","41":"product-has-gallery","42":"product-style-default"},"_links":{"self":[{"href":"https:\/\/www.cocodema.com\/en\/wp-json\/wp\/v2\/product\/6691","targetHints":{"allow":["GET"]}}],"collection":[{"href":"https:\/\/www.cocodema.com\/en\/wp-json\/wp\/v2\/product"}],"about":[{"href":"https:\/\/www.cocodema.com\/en\/wp-json\/wp\/v2\/types\/product"}],"wp:featuredmedia":[{"embeddable":true,"href":"https:\/\/www.cocodema.com\/en\/wp-json\/wp\/v2\/media\/203138"}],"wp:attachment":[{"href":"https:\/\/www.cocodema.com\/en\/wp-json\/wp\/v2\/media?parent=6691"}],"wp:term":[{"taxonomy":"product_brand","embeddable":true,"href":"https:\/\/www.cocodema.com\/en\/wp-json\/wp\/v2\/product_brand?post=6691"},{"taxonomy":"product_cat","embeddable":true,"href":"https:\/\/www.cocodema.com\/en\/wp-json\/wp\/v2\/product_cat?post=6691"},{"taxonomy":"product_tag","embeddable":true,"href":"https:\/\/www.cocodema.com\/en\/wp-json\/wp\/v2\/product_tag?post=6691"}],"curies":[{"name":"wp","href":"https:\/\/api.w.org\/{rel}","templated":true}]}}