{"id":7202,"date":"2021-05-03T22:31:46","date_gmt":"2021-05-03T19:31:46","guid":{"rendered":"https:\/\/www.cocodema.com\/?post_type=product&#038;p=7202"},"modified":"2025-01-07T12:16:39","modified_gmt":"2025-01-07T09:16:39","slug":"dag-palmiyesi","status":"publish","type":"product","link":"https:\/\/www.cocodema.com\/en\/product\/dag-palmiyesi\/","title":{"rendered":"Chamaedorea Elegans"},"content":{"rendered":"<p><strong>About Mountain Palm:<\/strong><\/p>\n<div class=\"woocommerce-tabs wc-tabs-wrapper\">\n<div id=\"tab-description\" class=\"woocommerce-Tabs-panel woocommerce-Tabs-panel--description panel entry-content wc-tab\" role=\"tabpanel\" aria-labelledby=\"tab-title-description\">\n<div class=\"container\">\n<p>\u00a0Tropik g\u00f6r\u00fcnt\u00fcs\u00fc ve hava temizleme \u00f6zelli\u011fi ile salon ve ofislerde kolayl\u0131kla bak\u0131m\u0131 yap\u0131labilen Chamaedorea Elegans bitkisi, \u201cda\u011f palmiyesi\u201d olarak da an\u0131l\u0131r.<\/p>\n<p>The common English equivalents of the small mini palm tree, which does not exceed 1 meter in height, are \"Bamboo Palm, Bella Parlor Palm and Reed Palm\".<\/p>\n<p>It is important to keep Chamaedorea, which is native to the southern forests of the North American continent, away from direct midday sun.<\/p>\n<p>Da\u011f Palmiyesi(Chamadorea Elegans), yaz\u0131n b\u00fcy\u00fcme d\u00f6neminde bolca sulanmal\u0131, yapraklara s\u0131k s\u0131k su p\u00fcsk\u00fcrt\u00fclmelidir. K\u0131\u015f\u0131n, dinlenme s\u00fcresince (Ekim ay\u0131ndan\u00a0\u00a0\u015eubat ay\u0131na kadar)\u00a0\u00a0verilen su azalt\u0131larak saks\u0131 topra\u011f\u0131 hafif nemli tutulmal\u0131d\u0131r.<\/p>\n<p>Pet Friendly.<\/p>\n<p><strong>Care Information:<\/strong><br \/>\nDa\u011f Palmiyesi&#8217;ni haftada 1 kez sulaman\u0131z yeterli olur. Da\u011f Palmiyesi\u00a0 i\u00e7in ideal oda s\u0131cakl\u0131\u011f\u0131 18\u00b0C \u2013 22\u00b0C\u2019dir. G\u00f6lge ve yar\u0131 g\u00f6lge alanlar Da\u011f Palmiyesi i\u00e7in uygundur. Bitki yo\u011fun \u00f6\u011fle s\u0131ca\u011f\u0131na uzun s\u00fcre tolerans g\u00f6steremez.<\/p>\n<\/div>\n<\/div>\n<\/div>","protected":false},"excerpt":{"rendered":"<ul>\n<li>Shipping is available throughout Turkey.<\/li>\n<li>The Handmade Brass Base<\/li>\n<li>Indirect Sunlight<\/li>\n<li>Package Includes: Pot, Brass Base, Plant<\/li>\n<\/ul>\n<p><strong>Product Dimensions:<\/strong><\/p>\n<p>Height: 50 cm<\/p>\n<p>Width: 25 cm<\/p>","protected":false},"featured_media":7204,"template":"","meta":[],"product_brand":[],"product_cat":[133,84,48,83,170],"product_tag":[37,103,99,117,116,114,119,121,52,100,111,115,110,122,109,65,120,118,113,97,112],"class_list":{"0":"post-7202","1":"product","2":"type-product","3":"status-publish","4":"has-post-thumbnail","6":"product_cat-bakimi-kolay-tasarimlar","7":"product_cat-bitkiler","8":"product_cat-genel","9":"product_cat-tasarimlar","10":"product_cat-tumu","11":"product_tag-bitki","12":"product_tag-cicek","13":"product_tag-cocodema","14":"product_tag-design","15":"product_tag-dizayn","16":"product_tag-doga","17":"product_tag-florist","18":"product_tag-flower","19":"product_tag-green","20":"product_tag-kokadema","21":"product_tag-kokedama","22":"product_tag-nature","23":"product_tag-palm","24":"product_tag-palmiye","25":"product_tag-parlor","26":"product_tag-plant","27":"product_tag-plantist","28":"product_tag-tasarim","29":"product_tag-yesil","30":"product_tag-yosun","31":"product_tag-yosuntopu","33":"first","34":"instock","35":"taxable","36":"shipping-taxable","37":"purchasable","38":"product-type-simple","39":"layout-style-1","40":"col-md-4 col-sm-4 col-xs-6","41":"col-lg-3","42":"product-style-default"},"_links":{"self":[{"href":"https:\/\/www.cocodema.com\/en\/wp-json\/wp\/v2\/product\/7202","targetHints":{"allow":["GET"]}}],"collection":[{"href":"https:\/\/www.cocodema.com\/en\/wp-json\/wp\/v2\/product"}],"about":[{"href":"https:\/\/www.cocodema.com\/en\/wp-json\/wp\/v2\/types\/product"}],"wp:featuredmedia":[{"embeddable":true,"href":"https:\/\/www.cocodema.com\/en\/wp-json\/wp\/v2\/media\/7204"}],"wp:attachment":[{"href":"https:\/\/www.cocodema.com\/en\/wp-json\/wp\/v2\/media?parent=7202"}],"wp:term":[{"taxonomy":"product_brand","embeddable":true,"href":"https:\/\/www.cocodema.com\/en\/wp-json\/wp\/v2\/product_brand?post=7202"},{"taxonomy":"product_cat","embeddable":true,"href":"https:\/\/www.cocodema.com\/en\/wp-json\/wp\/v2\/product_cat?post=7202"},{"taxonomy":"product_tag","embeddable":true,"href":"https:\/\/www.cocodema.com\/en\/wp-json\/wp\/v2\/product_tag?post=7202"}],"curies":[{"name":"wp","href":"https:\/\/api.w.org\/{rel}","templated":true}]}}