{"id":7507,"date":"2021-11-06T15:06:31","date_gmt":"2021-11-06T12:06:31","guid":{"rendered":"https:\/\/www.cocodema.com\/?post_type=product&#038;p=7507"},"modified":"2025-01-07T11:56:48","modified_gmt":"2025-01-07T08:56:48","slug":"lavanta-cerceve","status":"publish","type":"product","link":"https:\/\/www.cocodema.com\/en\/product\/lavanta-cerceve\/","title":{"rendered":"Lavanta Frame"},"content":{"rendered":"<p><strong>Lavanta \u00c7er\u00e7eve Hakk\u0131nda:\u00a0<\/strong><br \/>\nKimyasal \u015foklanma ve boyama y\u00f6nteminden ge\u00e7irilen \u201cLavanta (Lavandula Officinalis)\u201d bitki dallar\u0131ndan \u00fcretilen \u00e7er\u00e7evenin ah\u015fab\u0131nda, masif \u00e7am kullan\u0131lm\u0131\u015ft\u0131r.<\/p>\n<p>\u015eoklanan bitkinin rengi daima mor tonlar\u0131nda kal\u0131r ancak i\u00e7indeki lavanta g\u00f6r\u00fcnt\u00fcs\u00fcnden s\u0131k\u0131ld\u0131\u011f\u0131n\u0131zda \u00e7er\u00e7evenin alt\u0131ndaki cam kanallardan yapra\u011f\u0131n\u0131z\u0131 de\u011fi\u015ftirebilirsiniz.<\/p>\n<p>Lavanta (Lavandula Officinalis) bitkisi; anadolu k\u00fclt\u00fcrlerinde &#8220;bereketi ve \u00fcretkenli\u011fi&#8221; temsil eder.<\/p>\n<p><strong>Care Information:<\/strong><br \/>\nLavanta \u00c7er\u00e7eve i\u00e7in herhangi bir bak\u0131m yapman\u0131z gerekmez. S\u0131cak yaz aylar\u0131nda direkt g\u00fcne\u015f \u0131\u015f\u0131\u011f\u0131ndan uzak tutman\u0131z \u00f6nerilir.<\/p>","protected":false},"excerpt":{"rendered":"<ul>\n<li>Bitki \u0130smi: Lavanta Lavandula Officinalis \u00c7er\u00e7eve<\/li>\n<li>&#8220;Bereketi ve \u00fcretkenli\u011fi temsil eder.<\/li>\n<li>\u00c7er\u00e7eve el yap\u0131m\u0131 olarak \u00fcretilir.<\/li>\n<li>Kurumu\u015f sar\u0131 \u00e7am a\u011fac\u0131 kullan\u0131lm\u0131\u015ft\u0131r.<\/li>\n<\/ul>\n<p><strong>Lavanta \u00c7er\u00e7eve \u00d6l\u00e7\u00fcleri:<\/strong><br \/>\nHeight: 26cm<br \/>\nWidth: 21cm<\/p>\n<p>&nbsp;<\/p>","protected":false},"featured_media":7510,"template":"","meta":[],"product_brand":[],"product_cat":[82,133,218,48,234,83,154,170],"product_tag":[37,41,103,99,117,116,114,119,121,52,96,100,111,104,115,65,120,118,113,97,112],"class_list":{"0":"post-7507","1":"product","2":"type-product","3":"status-publish","4":"has-post-thumbnail","6":"product_cat-aksesuarlar","7":"product_cat-bakimi-kolay-tasarimlar","8":"product_cat-cerceveler","9":"product_cat-genel","10":"product_cat-sevgililer-gunu","11":"product_cat-tasarimlar","12":"product_cat-topraksiz-bitkiler","13":"product_cat-tumu","14":"product_tag-bitki","15":"product_tag-cerceve","16":"product_tag-cicek","17":"product_tag-cocodema","18":"product_tag-design","19":"product_tag-dizayn","20":"product_tag-doga","21":"product_tag-florist","22":"product_tag-flower","23":"product_tag-green","24":"product_tag-jar","25":"product_tag-kokadema","26":"product_tag-kokedama","27":"product_tag-maidenhair","28":"product_tag-nature","29":"product_tag-plant","30":"product_tag-plantist","31":"product_tag-tasarim","32":"product_tag-yesil","33":"product_tag-yosun","34":"product_tag-yosuntopu","36":"first","37":"instock","38":"taxable","39":"shipping-taxable","40":"purchasable","41":"product-type-simple","42":"layout-style-1","43":"col-md-4 col-sm-4 col-xs-6","44":"col-lg-3","45":"product-has-gallery","46":"product-style-default"},"_links":{"self":[{"href":"https:\/\/www.cocodema.com\/en\/wp-json\/wp\/v2\/product\/7507","targetHints":{"allow":["GET"]}}],"collection":[{"href":"https:\/\/www.cocodema.com\/en\/wp-json\/wp\/v2\/product"}],"about":[{"href":"https:\/\/www.cocodema.com\/en\/wp-json\/wp\/v2\/types\/product"}],"wp:featuredmedia":[{"embeddable":true,"href":"https:\/\/www.cocodema.com\/en\/wp-json\/wp\/v2\/media\/7510"}],"wp:attachment":[{"href":"https:\/\/www.cocodema.com\/en\/wp-json\/wp\/v2\/media?parent=7507"}],"wp:term":[{"taxonomy":"product_brand","embeddable":true,"href":"https:\/\/www.cocodema.com\/en\/wp-json\/wp\/v2\/product_brand?post=7507"},{"taxonomy":"product_cat","embeddable":true,"href":"https:\/\/www.cocodema.com\/en\/wp-json\/wp\/v2\/product_cat?post=7507"},{"taxonomy":"product_tag","embeddable":true,"href":"https:\/\/www.cocodema.com\/en\/wp-json\/wp\/v2\/product_tag?post=7507"}],"curies":[{"name":"wp","href":"https:\/\/api.w.org\/{rel}","templated":true}]}}