{"id":7540,"date":"2021-09-09T22:59:12","date_gmt":"2021-09-09T19:59:12","guid":{"rendered":"https:\/\/www.cocodema.com\/?post_type=product&#038;p=7540"},"modified":"2026-01-23T13:08:19","modified_gmt":"2026-01-23T10:08:19","slug":"kaktus-besini","status":"publish","type":"product","link":"https:\/\/www.cocodema.com\/en\/product\/kaktus-besini\/","title":{"rendered":"Cactus Food"},"content":{"rendered":"<p><strong>Kakt\u00fcs Besini Hakk\u0131nda:<\/strong><\/p>\n<p>Kakt\u00fcsler i\u00e7in geli\u015ftirilen kakt\u00fcs besini y\u00fcksek oranda h\u00fcmik asit i\u00e7erir.<\/p>\n<p>Kakt\u00fcslerin toprakta beslenmelerini sa\u011flayan organik bile\u015fenler, onlar i\u00e7in ya\u015famsal \u00f6nem ta\u015f\u0131r. H\u00fcmik asit bu organik formdaki besin maddelerine, vitaminlere ve iz elementlere deniliyor. \u0130\u00e7inde bitki ve hayvan kal\u0131nt\u0131lar\u0131, toprak biyok\u00fctleleri, canl\u0131 organizmalar ve t\u00fcm bunlar\u0131n sentezlendi\u011fi maddeler bulunuyor. H\u00fcmik asitler topra\u011f\u0131n kimyasal, fiziksel ve biyolojik \u00f6zelliklerini etkileyerek bitki geli\u015fimine yard\u0131mc\u0131 olmaktad\u0131rlar Topraklar\u0131m\u0131zdaki mineral ve vitamin eksikliklerinin bir\u00e7o\u011funun h\u00fcmik asit deste\u011fi ile giderilebilece\u011fi \u00f6ng\u00f6r\u00fcl\u00fcyor.<\/p>\n<p><strong>Kakt\u00fcs Besini Ne \u0130\u015fe Yarar?<\/strong><\/p>\n<ul>\n<li>It increases aggression in the soil.<\/li>\n<li>Kakt\u00fcs\u00fc olas\u0131 hastal\u0131klardan korur.<\/li>\n<li>It prevents the formation of a crust layer.<\/li>\n<li>It prevents compaction in the soil and allows the plant to absorb water more easily.<\/li>\n<li>Thanks to the plant food that increases the soil's water retention capacity, the soil's water retention rate can reach up to 20 times its own volume.<\/li>\n<li>The movement of water and air within the soil is regulated.<\/li>\n<li>Kakt\u00fcs Besini uygulanan toprakta a\u00e7\u0131\u011fa \u00e7\u0131kan amino asitler, hormonlar ve organik bile\u015fenlerin etkisiyle tohumun \u00e7imlenmesi art\u0131yor. Topraktaki mikroorganizma faaliyetinde art\u0131\u015f g\u00f6r\u00fcl\u00fcyor.<\/li>\n<li>Kakt\u00fcslerin k\u00f6k geli\u015fimini h\u0131zland\u0131r\u0131r. (K\u00f6k geli\u015fimi h\u0131zlanan kakt\u00fcslerin g\u00f6vde kalitesi ve b\u00fcy\u00fcme h\u0131z\u0131 da artar.)<\/li>\n<li>It Increases the soil\u2019s buffering capacity.<\/li>\n<li>It reduces the damage caused by salt in the soil.<\/li>\n<\/ul>\n<p><strong>Kakt\u00fcs Besini Nas\u0131l Kullan\u0131lmal\u0131d\u0131r?<br \/>\n<\/strong>1 litre dinlenmi\u015f suya 2 kapak kadar besin eklenmelidir. Besini ayda 1 kere normal sulanma oran\u0131nda kullanmal\u0131s\u0131n\u0131z.<\/p>","protected":false},"excerpt":{"rendered":"<ul>\n<li>Kakt\u00fcs ve Succulentlerde Kullan\u0131m \u0130\u00e7in Uygundur<\/li>\n<li>T\u00fcm T\u00fcrkiye&#8217;ye G\u00f6nderim Yap\u0131l\u0131r<\/li>\n<li>It Should Be Used Once a Month.<\/li>\n<li>Kakt\u00fcs Hastal\u0131klar\u0131ndan Korur<\/li>\n<li>K\u00f6k ve G\u00f6vde Geli\u015fimini H\u0131zland\u0131r\u0131r<\/li>\n<\/ul>\n<p>&nbsp;<\/p>\n<p>&nbsp;<\/p>","protected":false},"featured_media":7543,"template":"","meta":[],"product_brand":[],"product_cat":[82,84,48,170],"product_tag":[37,103,99,117,116,114,119,121,52,100,111,115,110,122,109,65,120,118,113,97,112],"class_list":{"0":"post-7540","1":"product","2":"type-product","3":"status-publish","4":"has-post-thumbnail","6":"product_cat-aksesuarlar","7":"product_cat-bitkiler","8":"product_cat-genel","9":"product_cat-tumu","10":"product_tag-bitki","11":"product_tag-cicek","12":"product_tag-cocodema","13":"product_tag-design","14":"product_tag-dizayn","15":"product_tag-doga","16":"product_tag-florist","17":"product_tag-flower","18":"product_tag-green","19":"product_tag-kokadema","20":"product_tag-kokedama","21":"product_tag-nature","22":"product_tag-palm","23":"product_tag-palmiye","24":"product_tag-parlor","25":"product_tag-plant","26":"product_tag-plantist","27":"product_tag-tasarim","28":"product_tag-yesil","29":"product_tag-yosun","30":"product_tag-yosuntopu","32":"first","33":"instock","34":"taxable","35":"shipping-taxable","36":"purchasable","37":"product-type-simple","38":"layout-style-1","39":"col-md-4 col-sm-4 col-xs-6","40":"col-lg-3","41":"product-style-default"},"_links":{"self":[{"href":"https:\/\/www.cocodema.com\/en\/wp-json\/wp\/v2\/product\/7540","targetHints":{"allow":["GET"]}}],"collection":[{"href":"https:\/\/www.cocodema.com\/en\/wp-json\/wp\/v2\/product"}],"about":[{"href":"https:\/\/www.cocodema.com\/en\/wp-json\/wp\/v2\/types\/product"}],"wp:featuredmedia":[{"embeddable":true,"href":"https:\/\/www.cocodema.com\/en\/wp-json\/wp\/v2\/media\/7543"}],"wp:attachment":[{"href":"https:\/\/www.cocodema.com\/en\/wp-json\/wp\/v2\/media?parent=7540"}],"wp:term":[{"taxonomy":"product_brand","embeddable":true,"href":"https:\/\/www.cocodema.com\/en\/wp-json\/wp\/v2\/product_brand?post=7540"},{"taxonomy":"product_cat","embeddable":true,"href":"https:\/\/www.cocodema.com\/en\/wp-json\/wp\/v2\/product_cat?post=7540"},{"taxonomy":"product_tag","embeddable":true,"href":"https:\/\/www.cocodema.com\/en\/wp-json\/wp\/v2\/product_tag?post=7540"}],"curies":[{"name":"wp","href":"https:\/\/api.w.org\/{rel}","templated":true}]}}