{"id":7621,"date":"2021-11-07T18:35:50","date_gmt":"2021-11-07T15:35:50","guid":{"rendered":"https:\/\/www.cocodema.com\/?post_type=product&#038;p=7621"},"modified":"2026-01-23T12:56:55","modified_gmt":"2026-01-23T09:56:55","slug":"copper-cerceve-fern-2","status":"publish","type":"product","link":"https:\/\/www.cocodema.com\/en\/product\/copper-cerceve-fern-2\/","title":{"rendered":"Copper Frame | Fern"},"content":{"rendered":"<p>The frame is made of fern leaves that have been chemically shocked and dyed, and has a removable handmade wooden base.<br \/>\nThe color of the shocked plants always remains the same as on the first day. If you would like to make changes to the plant of the Copper Frame, you can browse other Copper products, hello@cocodema.com or <a href=\"https:\/\/www.instagram.com\/cocodemaplants\/\">@cocodemaplants<\/a> you can reach our Instagram account.<\/p>\n<p>Tasar\u0131mda kullan\u0131lan e\u011frelti otu, d\u00fcnya \u00fczerinde mantarlardan sonra ilk ya\u015fam belirtisi g\u00f6steren bitkilerdendir. Bu nedenle anadolu k\u00fclt\u00fcrlerinde &#8220;bereketi&#8221; temsil eder.<\/p>\n<p><strong>Fern Copper Frame Maintenance Information:<\/strong><br \/>\nCopper Frames do not require any maintenance. It is recommended to keep them away from direct sunlight during the hot summer months.<\/p>","protected":false},"excerpt":{"rendered":"<ul>\n<li>The Carrot Fern represents abundance<\/li>\n<li>Customizable to specific requests.<\/li>\n<li>Shocked plants do not change color.<\/li>\n<li>The handmade wooden base is removable.<\/li>\n<li>Shipping is available throughout Turkey<\/li>\n<\/ul>\n<p><strong>Shocked Plant Copper Frame Dimensions:<\/strong><br \/>\nVertical: 25 x 15 cm<br \/>\nYatay: 20 x 20<\/p>","protected":false},"featured_media":7624,"template":"","meta":[],"product_brand":[],"product_cat":[82,133,218,48,234,83,154,170],"product_tag":[65],"class_list":{"0":"post-7621","1":"product","2":"type-product","3":"status-publish","4":"has-post-thumbnail","6":"product_cat-aksesuarlar","7":"product_cat-bakimi-kolay-tasarimlar","8":"product_cat-cerceveler","9":"product_cat-genel","10":"product_cat-sevgililer-gunu","11":"product_cat-tasarimlar","12":"product_cat-topraksiz-bitkiler","13":"product_cat-tumu","14":"product_tag-plant","16":"first","17":"instock","18":"taxable","19":"shipping-taxable","20":"purchasable","21":"product-type-variable","22":"layout-style-1","23":"col-md-4 col-sm-4 col-xs-6","24":"col-lg-3","25":"product-style-default"},"_links":{"self":[{"href":"https:\/\/www.cocodema.com\/en\/wp-json\/wp\/v2\/product\/7621","targetHints":{"allow":["GET"]}}],"collection":[{"href":"https:\/\/www.cocodema.com\/en\/wp-json\/wp\/v2\/product"}],"about":[{"href":"https:\/\/www.cocodema.com\/en\/wp-json\/wp\/v2\/types\/product"}],"wp:featuredmedia":[{"embeddable":true,"href":"https:\/\/www.cocodema.com\/en\/wp-json\/wp\/v2\/media\/7624"}],"wp:attachment":[{"href":"https:\/\/www.cocodema.com\/en\/wp-json\/wp\/v2\/media?parent=7621"}],"wp:term":[{"taxonomy":"product_brand","embeddable":true,"href":"https:\/\/www.cocodema.com\/en\/wp-json\/wp\/v2\/product_brand?post=7621"},{"taxonomy":"product_cat","embeddable":true,"href":"https:\/\/www.cocodema.com\/en\/wp-json\/wp\/v2\/product_cat?post=7621"},{"taxonomy":"product_tag","embeddable":true,"href":"https:\/\/www.cocodema.com\/en\/wp-json\/wp\/v2\/product_tag?post=7621"}],"curies":[{"name":"wp","href":"https:\/\/api.w.org\/{rel}","templated":true}]}}