{"id":7796,"date":"2025-01-10T22:02:48","date_gmt":"2025-01-10T19:02:48","guid":{"rendered":"https:\/\/www.cocodema.com\/?post_type=product&#038;p=7796"},"modified":"2026-04-30T12:04:36","modified_gmt":"2026-04-30T09:04:36","slug":"ikebana-kit","status":"publish","type":"product","link":"https:\/\/www.cocodema.com\/en\/product\/ikebana-kit\/","title":{"rendered":"Ikebana Kit"},"content":{"rendered":"<p><strong>About Ikebana Flower Stand Kit:<\/strong><\/p>\n<p>Japonca&#8217;da &#8220;ya\u015fayan \u00e7i\u00e7ek&#8221; anlam\u0131na gelen ikebana bir Japon \u00e7i\u00e7ek d\u00fczenleme sanat\u0131d\u0131r. Bat\u0131 k\u00fclt\u00fcr\u00fcnde bildi\u011fimiz bir\u00e7ok tasar\u0131m prensibinin aksine \u0130kebana sanat\u0131nda \u00e7i\u00e7ek tasar\u0131m\u0131 asimetrik ve aralarda bo\u015fluk verecek \u015fekilde tasarlan\u0131r.<\/p>\n<p>The arrangements adhere to the wabi sabi philosophy and each branch\/flower on the stand represents an idea or entity. For example, hierarchically, the first branch to appear corresponds to God, the second flower corresponds to the world, and the third flower corresponds to man.<\/p>\n<p>Based on a broad and comprehensive philosophy, Ikebana's stand is handmade from dried beech trees.<\/p>\n<p>Ikebana stand and 1 bouquet of dried flowers are sent separately.<\/p>\n<p>&nbsp;<\/p>","protected":false},"excerpt":{"rendered":"<ul>\n<li>Create Your Own Design<\/li>\n<li>Package Includes: Dry Flower Bouquet, Beech Stand<\/li>\n<li>You can specify the color tones you want in the Dry Flower Bouquet in the Note Step of your order.<br \/>\n<em>For example; natural tones, dark tones, white tones...<\/em><\/li>\n<li>Plants in your dried flower bouquet vary seasonally<\/li>\n<\/ul>\n<p><strong>Dimensions:<\/strong><br \/>\nStand Length: 13 cm<\/p>","protected":false},"featured_media":7797,"template":"","meta":[],"product_brand":[],"product_cat":[82,133,84,48,234,83,154,170],"product_tag":[37,103,99,117,116,114,119,121,52,96,100,111,95,115,65,120,102,101,98,118,113,97,112],"class_list":{"0":"post-7796","1":"product","2":"type-product","3":"status-publish","4":"has-post-thumbnail","6":"product_cat-aksesuarlar","7":"product_cat-bakimi-kolay-tasarimlar","8":"product_cat-bitkiler","9":"product_cat-genel","10":"product_cat-sevgililer-gunu","11":"product_cat-tasarimlar","12":"product_cat-topraksiz-bitkiler","13":"product_cat-tumu","14":"product_tag-bitki","15":"product_tag-cicek","16":"product_tag-cocodema","17":"product_tag-design","18":"product_tag-dizayn","19":"product_tag-doga","20":"product_tag-florist","21":"product_tag-flower","22":"product_tag-green","23":"product_tag-jar","24":"product_tag-kokadema","25":"product_tag-kokedama","26":"product_tag-marimo","27":"product_tag-nature","28":"product_tag-plant","29":"product_tag-plantist","30":"product_tag-sise","31":"product_tag-su","32":"product_tag-sutopu","33":"product_tag-tasarim","34":"product_tag-yesil","35":"product_tag-yosun","36":"product_tag-yosuntopu","38":"first","39":"instock","40":"taxable","41":"shipping-taxable","42":"purchasable","43":"product-type-variable","44":"layout-style-1","45":"col-md-4 col-sm-4 col-xs-6","46":"col-lg-3","47":"product-has-gallery","48":"product-style-default"},"_links":{"self":[{"href":"https:\/\/www.cocodema.com\/en\/wp-json\/wp\/v2\/product\/7796","targetHints":{"allow":["GET"]}}],"collection":[{"href":"https:\/\/www.cocodema.com\/en\/wp-json\/wp\/v2\/product"}],"about":[{"href":"https:\/\/www.cocodema.com\/en\/wp-json\/wp\/v2\/types\/product"}],"wp:featuredmedia":[{"embeddable":true,"href":"https:\/\/www.cocodema.com\/en\/wp-json\/wp\/v2\/media\/7797"}],"wp:attachment":[{"href":"https:\/\/www.cocodema.com\/en\/wp-json\/wp\/v2\/media?parent=7796"}],"wp:term":[{"taxonomy":"product_brand","embeddable":true,"href":"https:\/\/www.cocodema.com\/en\/wp-json\/wp\/v2\/product_brand?post=7796"},{"taxonomy":"product_cat","embeddable":true,"href":"https:\/\/www.cocodema.com\/en\/wp-json\/wp\/v2\/product_cat?post=7796"},{"taxonomy":"product_tag","embeddable":true,"href":"https:\/\/www.cocodema.com\/en\/wp-json\/wp\/v2\/product_tag?post=7796"}],"curies":[{"name":"wp","href":"https:\/\/api.w.org\/{rel}","templated":true}]}}