{"id":8730,"date":"2026-04-03T23:24:52","date_gmt":"2026-04-03T20:24:52","guid":{"rendered":"https:\/\/www.cocodema.com\/?post_type=product&#038;p=8730"},"modified":"2026-04-30T12:42:08","modified_gmt":"2026-04-30T09:42:08","slug":"you-me-cerceve","status":"publish","type":"product","link":"https:\/\/www.cocodema.com\/en\/product\/you-me-cerceve\/","title":{"rendered":"You &amp; Me Frame"},"content":{"rendered":"<p>Solid pine is used for the wood of the frame, which is made of \u201cFern Roco\u201d plant leaves that are chemically shocked and dyed.<\/p>\n<p>The color of the shocked plant always remains green, but when you get tired of the leaf appearance inside, you can change your leaf through the glass channels under the frame. The 2-piece Fern Roco Frame can be used both horizontally and vertically, and can be used on a table or in wall designs.<\/p>\n<p>The fern used in the design is among the first plants to show signs of life on Earth after fungi.<\/p>\n<p><strong>2-Piece Fern Roco Copper Frame Care Info:<\/strong><br \/>\nYou&amp; Me \u00c7er\u00e7eve i\u00e7in herhangi bir bak\u0131m yapman\u0131z gerekmez. S\u0131cak yaz aylar\u0131nda direkt g\u00fcne\u015f \u0131\u015f\u0131\u011f\u0131ndan uzak tutman\u0131z \u00f6nerilir.<\/p>","protected":false},"excerpt":{"rendered":"<ul>\n<li>The fern represents abundance.<\/li>\n<li>It can be used both horizontally and vertically.<\/li>\n<li>It is suitable for tabletop or wall design.<\/li>\n<li>Delivery is available throughout Turkey.<\/li>\n<li>The lenses in the frame are set as removable.<\/li>\n<\/ul>\n<p><b>Design Dimensions<\/b><br \/>\n25 x 15 cm<\/p>","protected":false},"featured_media":10718,"template":"","meta":[],"product_brand":[],"product_cat":[82,133,218,48,234,83,154,170],"product_tag":[65],"class_list":{"0":"post-8730","1":"product","2":"type-product","3":"status-publish","4":"has-post-thumbnail","6":"product_cat-aksesuarlar","7":"product_cat-bakimi-kolay-tasarimlar","8":"product_cat-cerceveler","9":"product_cat-genel","10":"product_cat-sevgililer-gunu","11":"product_cat-tasarimlar","12":"product_cat-topraksiz-bitkiler","13":"product_cat-tumu","14":"product_tag-plant","16":"first","17":"instock","18":"taxable","19":"shipping-taxable","20":"purchasable","21":"product-type-simple","22":"layout-style-1","23":"col-md-4 col-sm-4 col-xs-6","24":"col-lg-3","25":"product-has-gallery","26":"product-style-default"},"_links":{"self":[{"href":"https:\/\/www.cocodema.com\/en\/wp-json\/wp\/v2\/product\/8730","targetHints":{"allow":["GET"]}}],"collection":[{"href":"https:\/\/www.cocodema.com\/en\/wp-json\/wp\/v2\/product"}],"about":[{"href":"https:\/\/www.cocodema.com\/en\/wp-json\/wp\/v2\/types\/product"}],"wp:featuredmedia":[{"embeddable":true,"href":"https:\/\/www.cocodema.com\/en\/wp-json\/wp\/v2\/media\/10718"}],"wp:attachment":[{"href":"https:\/\/www.cocodema.com\/en\/wp-json\/wp\/v2\/media?parent=8730"}],"wp:term":[{"taxonomy":"product_brand","embeddable":true,"href":"https:\/\/www.cocodema.com\/en\/wp-json\/wp\/v2\/product_brand?post=8730"},{"taxonomy":"product_cat","embeddable":true,"href":"https:\/\/www.cocodema.com\/en\/wp-json\/wp\/v2\/product_cat?post=8730"},{"taxonomy":"product_tag","embeddable":true,"href":"https:\/\/www.cocodema.com\/en\/wp-json\/wp\/v2\/product_tag?post=8730"}],"curies":[{"name":"wp","href":"https:\/\/api.w.org\/{rel}","templated":true}]}}