{"id":901811,"date":"2026-05-04T16:11:11","date_gmt":"2026-05-04T13:11:11","guid":{"rendered":"https:\/\/www.cocodema.com\/?post_type=product&#038;p=901811"},"modified":"2026-05-04T16:19:22","modified_gmt":"2026-05-04T13:19:22","slug":"cicek-buketi-atolyesi","status":"publish","type":"product","link":"https:\/\/www.cocodema.com\/en\/product\/cicek-buketi-atolyesi\/","title":{"rendered":"\u00c7i\u00e7ek Buketi At\u00f6lyesi"},"content":{"rendered":"<p><b>\u00c7i\u00e7ek Buketi At\u00f6lyesi Hakk\u0131nda:<\/b><br \/>\nYakla\u015f\u0131k 2 saat s\u00fcren at\u00f6lyede t\u00fcm malzemeler Cocodema taraf\u0131ndan kar\u015f\u0131lanacakt\u0131r. Temel tasar\u0131m prensipleriyle ba\u015flayan workshopta renk kombinasyonlar\u0131 belirlendikten sonra spiral buket yap\u0131m\u0131 ad\u0131mlar\u0131 anlat\u0131l\u0131r ve her bir kat\u0131l\u0131mc\u0131n\u0131n kendi buketini olu\u015fturmas\u0131na destek olunur. <\/p>\n<p>For your corporate workshop requests, please include the number of people in your email.\u00a0<a href=\"mailto:hello@cocodema.com\">hello@cocodema.com<\/a>\u00a0You can get an offer by sending an email to.<\/p>\n<p>&nbsp;<\/p>","protected":false},"excerpt":{"rendered":"<ul>\n<li>The workshop lasts approximately 2 hours.<\/li>\n<li>Spiral Buket Yap\u0131m\u0131 \u00c7al\u0131\u015f\u0131l\u0131r.<\/li>\n<li>Yer: Karak\u00f6y, Frans\u0131z Ge\u00e7idi | 9 May\u0131s &#8211; 12.00 <\/li>\n<li>At\u00f6lye Sonunda Yapt\u0131\u011f\u0131n\u0131z Buket Size Aittir.<\/li>\n<li>You must mark your workshop order as \u201cStore Pickup\u201d.<\/li>\n<\/ul>\n<p>\u00a0<\/p>\n<p>\u00a0<\/p>","protected":false},"featured_media":901840,"template":"","meta":[],"product_brand":[],"product_cat":[236,84,48,170],"product_tag":[37,103,99,117,116,114,119,121,52,100,111,115,110,122,109,65,120,118,113,97,112],"class_list":{"0":"post-901811","1":"product","2":"type-product","3":"status-publish","4":"has-post-thumbnail","6":"product_cat-anneler-gunu","7":"product_cat-bitkiler","8":"product_cat-genel","9":"product_cat-tumu","10":"product_tag-bitki","11":"product_tag-cicek","12":"product_tag-cocodema","13":"product_tag-design","14":"product_tag-dizayn","15":"product_tag-doga","16":"product_tag-florist","17":"product_tag-flower","18":"product_tag-green","19":"product_tag-kokadema","20":"product_tag-kokedama","21":"product_tag-nature","22":"product_tag-palm","23":"product_tag-palmiye","24":"product_tag-parlor","25":"product_tag-plant","26":"product_tag-plantist","27":"product_tag-tasarim","28":"product_tag-yesil","29":"product_tag-yosun","30":"product_tag-yosuntopu","32":"first","33":"instock","34":"taxable","35":"shipping-taxable","36":"purchasable","37":"product-type-simple","38":"layout-style-1","39":"col-md-4 col-sm-4 col-xs-6","40":"col-lg-3","41":"product-style-default"},"_links":{"self":[{"href":"https:\/\/www.cocodema.com\/en\/wp-json\/wp\/v2\/product\/901811","targetHints":{"allow":["GET"]}}],"collection":[{"href":"https:\/\/www.cocodema.com\/en\/wp-json\/wp\/v2\/product"}],"about":[{"href":"https:\/\/www.cocodema.com\/en\/wp-json\/wp\/v2\/types\/product"}],"wp:featuredmedia":[{"embeddable":true,"href":"https:\/\/www.cocodema.com\/en\/wp-json\/wp\/v2\/media\/901840"}],"wp:attachment":[{"href":"https:\/\/www.cocodema.com\/en\/wp-json\/wp\/v2\/media?parent=901811"}],"wp:term":[{"taxonomy":"product_brand","embeddable":true,"href":"https:\/\/www.cocodema.com\/en\/wp-json\/wp\/v2\/product_brand?post=901811"},{"taxonomy":"product_cat","embeddable":true,"href":"https:\/\/www.cocodema.com\/en\/wp-json\/wp\/v2\/product_cat?post=901811"},{"taxonomy":"product_tag","embeddable":true,"href":"https:\/\/www.cocodema.com\/en\/wp-json\/wp\/v2\/product_tag?post=901811"}],"curies":[{"name":"wp","href":"https:\/\/api.w.org\/{rel}","templated":true}]}}