{"id":902937,"date":"2026-01-04T23:30:57","date_gmt":"2026-01-04T20:30:57","guid":{"rendered":"https:\/\/www.cocodema.com\/?post_type=product&#038;p=902937"},"modified":"2026-05-04T23:39:17","modified_gmt":"2026-05-04T20:39:17","slug":"cicek-makasi","status":"publish","type":"product","link":"https:\/\/www.cocodema.com\/en\/product\/cicek-makasi\/","title":{"rendered":"\u00c7i\u00e7ek Makas\u0131"},"content":{"rendered":"<p><strong>\u00c7i\u00e7ek Makas\u0131 Hakk\u0131nda:<\/strong><br \/>\nJapon \u00e7i\u00e7ek makas\u0131 sap\u0131 masif ah\u015faptan \u00fcretilmi\u015ftir.<\/p>","protected":false},"excerpt":{"rendered":"<p>\u00c7i\u00e7ek Makas\u0131<\/p>\n<p>Width: 4 cm<br \/>\nHeight: 21 cm<\/p>","protected":false},"featured_media":902939,"template":"","meta":[],"product_brand":[],"product_cat":[82,48,170],"product_tag":[37,41,103,99,117,116,114,119,121,52,96,100,111,104,137,138,115,65,120,118,139,140,113,97,112],"class_list":{"0":"post-902937","1":"product","2":"type-product","3":"status-publish","4":"has-post-thumbnail","6":"product_cat-aksesuarlar","7":"product_cat-genel","8":"product_cat-tumu","9":"product_tag-bitki","10":"product_tag-cerceve","11":"product_tag-cicek","12":"product_tag-cocodema","13":"product_tag-design","14":"product_tag-dizayn","15":"product_tag-doga","16":"product_tag-florist","17":"product_tag-flower","18":"product_tag-green","19":"product_tag-jar","20":"product_tag-kokadema","21":"product_tag-kokedama","22":"product_tag-maidenhair","23":"product_tag-minimal","24":"product_tag-minimalism","25":"product_tag-nature","26":"product_tag-plant","27":"product_tag-plantist","28":"product_tag-tasarim","29":"product_tag-vaze","30":"product_tag-vazo","31":"product_tag-yesil","32":"product_tag-yosun","33":"product_tag-yosuntopu","35":"first","36":"instock","37":"taxable","38":"shipping-taxable","39":"purchasable","40":"product-type-simple","41":"layout-style-1","42":"col-md-4 col-sm-4 col-xs-6","43":"col-lg-3","44":"product-has-gallery","45":"product-style-default"},"_links":{"self":[{"href":"https:\/\/www.cocodema.com\/en\/wp-json\/wp\/v2\/product\/902937","targetHints":{"allow":["GET"]}}],"collection":[{"href":"https:\/\/www.cocodema.com\/en\/wp-json\/wp\/v2\/product"}],"about":[{"href":"https:\/\/www.cocodema.com\/en\/wp-json\/wp\/v2\/types\/product"}],"wp:featuredmedia":[{"embeddable":true,"href":"https:\/\/www.cocodema.com\/en\/wp-json\/wp\/v2\/media\/902939"}],"wp:attachment":[{"href":"https:\/\/www.cocodema.com\/en\/wp-json\/wp\/v2\/media?parent=902937"}],"wp:term":[{"taxonomy":"product_brand","embeddable":true,"href":"https:\/\/www.cocodema.com\/en\/wp-json\/wp\/v2\/product_brand?post=902937"},{"taxonomy":"product_cat","embeddable":true,"href":"https:\/\/www.cocodema.com\/en\/wp-json\/wp\/v2\/product_cat?post=902937"},{"taxonomy":"product_tag","embeddable":true,"href":"https:\/\/www.cocodema.com\/en\/wp-json\/wp\/v2\/product_tag?post=902937"}],"curies":[{"name":"wp","href":"https:\/\/api.w.org\/{rel}","templated":true}]}}