{"id":902945,"date":"2026-05-04T23:43:13","date_gmt":"2026-05-04T20:43:13","guid":{"rendered":"https:\/\/www.cocodema.com\/?post_type=product&#038;p=902945"},"modified":"2026-05-04T23:51:15","modified_gmt":"2026-05-04T20:51:15","slug":"artizan-truf-cikolata","status":"publish","type":"product","link":"https:\/\/www.cocodema.com\/en\/product\/artizan-truf-cikolata\/","title":{"rendered":"Artizan Tr\u00fcf \u00c7ikolata"},"content":{"rendered":"<p><strong>Artizan Tr\u00fcf \u00c7ikolata Hakk\u0131nda :<\/strong><br \/>\nArtizan Tr\u00fcf \u00c7ikolata; %100 ger\u00e7ek kakaodan el yap\u0131m\u0131 olarak \u00fcretilir. \u0130\u00e7i dolgulu \u00e7ikolatalar hem kutu \u015f\u0131kl\u0131\u011f\u0131 hem de g\u00fcvenilir lezzetiyle \u00e7i\u00e7ek sipari\u015flerinizin yan\u0131na eklenebilir.<\/p>","protected":false},"excerpt":{"rendered":"<ul>\n<li>El Yap\u0131m\u0131 Kutulu \u00c7ikolata<\/li>\n<li>%100 Ger\u00e7ek Kakao<\/li>","protected":false},"featured_media":902900,"template":"","meta":[],"product_brand":[],"product_cat":[82,236,48,234,170],"product_tag":[],"class_list":{"0":"post-902945","1":"product","2":"type-product","3":"status-publish","4":"has-post-thumbnail","6":"product_cat-aksesuarlar","7":"product_cat-anneler-gunu","8":"product_cat-genel","9":"product_cat-sevgililer-gunu","10":"product_cat-tumu","12":"first","13":"instock","14":"taxable","15":"shipping-taxable","16":"purchasable","17":"product-type-simple","18":"layout-style-1","19":"col-md-4 col-sm-4 col-xs-6","20":"col-lg-3","21":"product-has-gallery","22":"product-style-default"},"_links":{"self":[{"href":"https:\/\/www.cocodema.com\/en\/wp-json\/wp\/v2\/product\/902945","targetHints":{"allow":["GET"]}}],"collection":[{"href":"https:\/\/www.cocodema.com\/en\/wp-json\/wp\/v2\/product"}],"about":[{"href":"https:\/\/www.cocodema.com\/en\/wp-json\/wp\/v2\/types\/product"}],"wp:featuredmedia":[{"embeddable":true,"href":"https:\/\/www.cocodema.com\/en\/wp-json\/wp\/v2\/media\/902900"}],"wp:attachment":[{"href":"https:\/\/www.cocodema.com\/en\/wp-json\/wp\/v2\/media?parent=902945"}],"wp:term":[{"taxonomy":"product_brand","embeddable":true,"href":"https:\/\/www.cocodema.com\/en\/wp-json\/wp\/v2\/product_brand?post=902945"},{"taxonomy":"product_cat","embeddable":true,"href":"https:\/\/www.cocodema.com\/en\/wp-json\/wp\/v2\/product_cat?post=902945"},{"taxonomy":"product_tag","embeddable":true,"href":"https:\/\/www.cocodema.com\/en\/wp-json\/wp\/v2\/product_tag?post=902945"}],"curies":[{"name":"wp","href":"https:\/\/api.w.org\/{rel}","templated":true}]}}