{"id":9218,"date":"2024-01-04T23:14:21","date_gmt":"2024-01-04T20:14:21","guid":{"rendered":"https:\/\/www.cocodema.com\/?post_type=product&#038;p=9218"},"modified":"2025-04-29T23:14:06","modified_gmt":"2025-04-29T20:14:06","slug":"flamingo","status":"publish","type":"product","link":"https:\/\/www.cocodema.com\/en\/product\/flamingo\/","title":{"rendered":"Flamingo"},"content":{"rendered":"<p><strong>Anthurium (Flamingo) Hakk\u0131nda:<br \/>\n<\/strong>Anthurium, arum ailesinden gelir. Antoryum \u00e7i\u00e7e\u011fi olarak da bilinen bu bitki genel olarak kuyruk \u00e7i\u00e7e\u011fi, antoryum, flamingo \u00e7i\u00e7e\u011fi ve laceleaf isimleriyle de bilinir.<\/p>\n<p>Latincede\u00a0anthurium schott ismiyle an\u0131lan \u00e7i\u00e7ek rengi cinslerine g\u00f6re de\u011fi\u015fen bir bitki ailesidir.<\/p>\n<p>Kalp \u015feklindeki yapraklar\u0131na e\u015flik eden pembe \u00e7i\u00e7ekleriyle girdi\u011fi her ortamda dikkat \u00e7eker. S\u0131k\u00e7a \u00e7i\u00e7eklenmesi g\u00f6r\u00fcnen Anthurium bitkisinin, pembe \u00e7i\u00e7ekleri flamingoya benzemesi itibariyle &#8220;flamingo bitkisi&#8221; olarak an\u0131l\u0131r.<\/p>\n<p>Anthurium \u00e7i\u00e7eklerini k\u0131rm\u0131z\u0131 ve beyaz renklerde g\u00f6rebilece\u011finiz t\u00fcrleri de mevcuttur.<\/p>\n<p><strong>Care Information:<\/strong><br \/>\nFor the year-round flowering Anthurium plant, 20-28 degrees is ideal.<br \/>\nIt is recommended to provide moisture with a sprinkler every other day and water as the soil dries.<\/p>","protected":false},"excerpt":{"rendered":"<ul>\n<li>Shipping is available throughout Turkey.<\/li>\n<li>The Handmade Brass Base<\/li>\n<li>Indirect Sunlight<\/li>\n<li>Package Includes: Pot, Brass Base, Plant<\/li>\n<\/ul>\n<p><strong>Product Dimensions:<br \/>\n<\/strong>Y\u00fckseklik: 55 cm<br \/>\nWidth: 25 cm<\/p>","protected":false},"featured_media":9219,"template":"","meta":[],"product_brand":[],"product_cat":[133,84,48,234,83,170],"product_tag":[37,103,99,117,116,114,119,121,52,100,111,115,110,122,109,65,120,118,113,97,112],"class_list":{"0":"post-9218","1":"product","2":"type-product","3":"status-publish","4":"has-post-thumbnail","6":"product_cat-bakimi-kolay-tasarimlar","7":"product_cat-bitkiler","8":"product_cat-genel","9":"product_cat-sevgililer-gunu","10":"product_cat-tasarimlar","11":"product_cat-tumu","12":"product_tag-bitki","13":"product_tag-cicek","14":"product_tag-cocodema","15":"product_tag-design","16":"product_tag-dizayn","17":"product_tag-doga","18":"product_tag-florist","19":"product_tag-flower","20":"product_tag-green","21":"product_tag-kokadema","22":"product_tag-kokedama","23":"product_tag-nature","24":"product_tag-palm","25":"product_tag-palmiye","26":"product_tag-parlor","27":"product_tag-plant","28":"product_tag-plantist","29":"product_tag-tasarim","30":"product_tag-yesil","31":"product_tag-yosun","32":"product_tag-yosuntopu","34":"first","35":"instock","36":"taxable","37":"shipping-taxable","38":"purchasable","39":"product-type-simple","40":"layout-style-1","41":"col-md-4 col-sm-4 col-xs-6","42":"col-lg-3","43":"product-has-gallery","44":"product-style-default"},"_links":{"self":[{"href":"https:\/\/www.cocodema.com\/en\/wp-json\/wp\/v2\/product\/9218","targetHints":{"allow":["GET"]}}],"collection":[{"href":"https:\/\/www.cocodema.com\/en\/wp-json\/wp\/v2\/product"}],"about":[{"href":"https:\/\/www.cocodema.com\/en\/wp-json\/wp\/v2\/types\/product"}],"wp:featuredmedia":[{"embeddable":true,"href":"https:\/\/www.cocodema.com\/en\/wp-json\/wp\/v2\/media\/9219"}],"wp:attachment":[{"href":"https:\/\/www.cocodema.com\/en\/wp-json\/wp\/v2\/media?parent=9218"}],"wp:term":[{"taxonomy":"product_brand","embeddable":true,"href":"https:\/\/www.cocodema.com\/en\/wp-json\/wp\/v2\/product_brand?post=9218"},{"taxonomy":"product_cat","embeddable":true,"href":"https:\/\/www.cocodema.com\/en\/wp-json\/wp\/v2\/product_cat?post=9218"},{"taxonomy":"product_tag","embeddable":true,"href":"https:\/\/www.cocodema.com\/en\/wp-json\/wp\/v2\/product_tag?post=9218"}],"curies":[{"name":"wp","href":"https:\/\/api.w.org\/{rel}","templated":true}]}}