{"id":9395,"date":"2021-05-26T08:44:05","date_gmt":"2021-05-26T05:44:05","guid":{"rendered":"https:\/\/www.cocodema.com\/?post_type=product&#038;p=9395"},"modified":"2026-04-30T12:59:36","modified_gmt":"2026-04-30T09:59:36","slug":"monstera-pin","status":"publish","type":"product","link":"https:\/\/www.cocodema.com\/en\/product\/monstera-pin\/","title":{"rendered":"Monstera Pin"},"content":{"rendered":"<p style=\"text-align: left;\"><strong>Monstera\u00a0 Pin Hakk\u0131nda:<\/strong><\/p>\n<p>Son y\u0131llarda Pinterest boardlar\u0131nda s\u0131k\u00e7a kar\u015f\u0131m\u0131za \u00e7\u0131kan, 90\u2019larda delikli yapraklar\u0131yla her salonda yerini alm\u0131\u015f Devetaban\u0131\u2026<\/p>\n<p>Aslen tropik bir sarma\u015f\u0131k olan Monstera\u2019n\u0131n anavatan\u0131 G\u00fcney Amerika\u2019n\u0131n ya\u011fmur ormanlar\u0131d\u0131r.\u00a0\u0130yi bak\u0131ld\u0131\u011f\u0131 takdirde \u00e7ok k\u0131sa s\u00fcrede yeni yapraklar vererek boy atacak olan Devetaban\u0131,alttaki g\u00f6lgede kalan yapraklar\u0131na g\u00fcne\u015f gidebilmesi i\u00e7in \u00fcst yapraklarda y\u0131rt\u0131klar\/delikler olu\u015fturur. Bu sayede alttaki k\u00fc\u00e7\u00fck yapraklar da ihtiyac\u0131 olan g\u00fcne\u015f \u0131\u015f\u0131\u011f\u0131na ula\u015fabilirler. Kocaman ve ayr\u0131k yapraklar\u0131na hayran oldu\u011fumuz Monstera Deliciosa, bu g\u00f6r\u00fcnt\u00fcs\u00fc sebebiyle \u201c\u0130sve\u00e7 Peynir Bitkisi\u201d olarak da an\u0131l\u0131r.<\/p>\n<p>Monstera Deliciosa, which will instantly bring a forest atmosphere to any interior with its large green leaves, gives delicious fruits at maturity. Although it is not possible to see its fruit in our climate, you will witness it grow and settle in your home in a short time.<\/p>\n<p>Monstera Deliciosa (devetaban\u0131) Pin bronz materyalinden \u00fcretilmi\u015ftir.<\/p>","protected":false},"excerpt":{"rendered":"<ul>\n<li>Bronze Pin<\/li>\n<li>Monstera Deliciosa<\/li>\n<li>Hediye Paketi \u0130stedi\u011finizi Sipari\u015finizin Son Ad\u0131m\u0131nda Belirtebilirsiniz<\/li>\n<\/ul>","protected":false},"featured_media":9396,"template":"","meta":[],"product_brand":[],"product_cat":[82,170],"product_tag":[34,35,37,125,103,99,117,124,116,114,119,121,52,126,100,111,123,115,65,120,118,113,97,112],"class_list":{"0":"post-9395","1":"product","2":"type-product","3":"status-publish","4":"has-post-thumbnail","6":"product_cat-aksesuarlar","7":"product_cat-tumu","8":"product_tag-ahsap","9":"product_tag-bag","10":"product_tag-bitki","11":"product_tag-canta","12":"product_tag-cicek","13":"product_tag-cocodema","14":"product_tag-design","15":"product_tag-devetabani","16":"product_tag-dizayn","17":"product_tag-doga","18":"product_tag-florist","19":"product_tag-flower","20":"product_tag-green","21":"product_tag-isleme","22":"product_tag-kokadema","23":"product_tag-kokedama","24":"product_tag-monstera","25":"product_tag-nature","26":"product_tag-plant","27":"product_tag-plantist","28":"product_tag-tasarim","29":"product_tag-yesil","30":"product_tag-yosun","31":"product_tag-yosuntopu","33":"first","34":"instock","35":"taxable","36":"shipping-taxable","37":"purchasable","38":"product-type-simple","39":"layout-style-1","40":"col-md-4 col-sm-4 col-xs-6","41":"col-lg-3","42":"product-style-default"},"_links":{"self":[{"href":"https:\/\/www.cocodema.com\/en\/wp-json\/wp\/v2\/product\/9395","targetHints":{"allow":["GET"]}}],"collection":[{"href":"https:\/\/www.cocodema.com\/en\/wp-json\/wp\/v2\/product"}],"about":[{"href":"https:\/\/www.cocodema.com\/en\/wp-json\/wp\/v2\/types\/product"}],"wp:featuredmedia":[{"embeddable":true,"href":"https:\/\/www.cocodema.com\/en\/wp-json\/wp\/v2\/media\/9396"}],"wp:attachment":[{"href":"https:\/\/www.cocodema.com\/en\/wp-json\/wp\/v2\/media?parent=9395"}],"wp:term":[{"taxonomy":"product_brand","embeddable":true,"href":"https:\/\/www.cocodema.com\/en\/wp-json\/wp\/v2\/product_brand?post=9395"},{"taxonomy":"product_cat","embeddable":true,"href":"https:\/\/www.cocodema.com\/en\/wp-json\/wp\/v2\/product_cat?post=9395"},{"taxonomy":"product_tag","embeddable":true,"href":"https:\/\/www.cocodema.com\/en\/wp-json\/wp\/v2\/product_tag?post=9395"}],"curies":[{"name":"wp","href":"https:\/\/api.w.org\/{rel}","templated":true}]}}