{"id":9521,"date":"2021-06-23T19:13:54","date_gmt":"2021-06-23T16:13:54","guid":{"rendered":"https:\/\/www.cocodema.com\/?post_type=product&#038;p=9521"},"modified":"2025-01-07T12:14:43","modified_gmt":"2025-01-07T09:14:43","slug":"mini-bakir-set","status":"publish","type":"product","link":"https:\/\/www.cocodema.com\/en\/product\/mini-bakir-set\/","title":{"rendered":"Mini Brass Kit"},"content":{"rendered":"<p><strong>About Mini Copper Kit:<\/strong><\/p>\n<p>The wooden handled shovel and the head part of the fork set are copper.<\/p>\n<p><strong>Mini Bak\u0131r Set ile neler yapabiliriz?<\/strong><\/p>\n<ul>\n<li style=\"text-align: left;\">Mini Bak\u0131r Set ile teraryum kavanozlar\u0131n\u0131z\u0131 d\u00fczenleyebilirsiniz.<\/li>\n<li>The shovel and rake can help you with repotting your plants.<\/li>\n<li>You can use the Mini Copper Set for soil aeration of potted plants.<\/li>\n<\/ul>\n<p>&nbsp;<\/p>\n<p>&nbsp;<\/p>","protected":false},"excerpt":{"rendered":"<p><strong>Mini Copper Kit:<br \/>\n<\/strong>Width: 6 cm<br \/>\nHeight: 21 cm<\/p>","protected":false},"featured_media":9525,"template":"","meta":[],"product_brand":[],"product_cat":[82,133,48,170],"product_tag":[37,41,103,99,117,116,114,119,121,52,96,100,111,104,137,138,115,65,120,118,139,140,113,97,112],"class_list":{"0":"post-9521","1":"product","2":"type-product","3":"status-publish","4":"has-post-thumbnail","6":"product_cat-aksesuarlar","7":"product_cat-bakimi-kolay-tasarimlar","8":"product_cat-genel","9":"product_cat-tumu","10":"product_tag-bitki","11":"product_tag-cerceve","12":"product_tag-cicek","13":"product_tag-cocodema","14":"product_tag-design","15":"product_tag-dizayn","16":"product_tag-doga","17":"product_tag-florist","18":"product_tag-flower","19":"product_tag-green","20":"product_tag-jar","21":"product_tag-kokadema","22":"product_tag-kokedama","23":"product_tag-maidenhair","24":"product_tag-minimal","25":"product_tag-minimalism","26":"product_tag-nature","27":"product_tag-plant","28":"product_tag-plantist","29":"product_tag-tasarim","30":"product_tag-vaze","31":"product_tag-vazo","32":"product_tag-yesil","33":"product_tag-yosun","34":"product_tag-yosuntopu","36":"first","37":"outofstock","38":"taxable","39":"shipping-taxable","40":"purchasable","41":"product-type-simple","42":"layout-style-1","43":"col-md-4 col-sm-4 col-xs-6","44":"col-lg-3","45":"product-has-gallery","46":"product-style-default"},"_links":{"self":[{"href":"https:\/\/www.cocodema.com\/en\/wp-json\/wp\/v2\/product\/9521","targetHints":{"allow":["GET"]}}],"collection":[{"href":"https:\/\/www.cocodema.com\/en\/wp-json\/wp\/v2\/product"}],"about":[{"href":"https:\/\/www.cocodema.com\/en\/wp-json\/wp\/v2\/types\/product"}],"wp:featuredmedia":[{"embeddable":true,"href":"https:\/\/www.cocodema.com\/en\/wp-json\/wp\/v2\/media\/9525"}],"wp:attachment":[{"href":"https:\/\/www.cocodema.com\/en\/wp-json\/wp\/v2\/media?parent=9521"}],"wp:term":[{"taxonomy":"product_brand","embeddable":true,"href":"https:\/\/www.cocodema.com\/en\/wp-json\/wp\/v2\/product_brand?post=9521"},{"taxonomy":"product_cat","embeddable":true,"href":"https:\/\/www.cocodema.com\/en\/wp-json\/wp\/v2\/product_cat?post=9521"},{"taxonomy":"product_tag","embeddable":true,"href":"https:\/\/www.cocodema.com\/en\/wp-json\/wp\/v2\/product_tag?post=9521"}],"curies":[{"name":"wp","href":"https:\/\/api.w.org\/{rel}","templated":true}]}}