{"id":9750,"date":"2024-01-04T22:38:53","date_gmt":"2024-01-04T19:38:53","guid":{"rendered":"https:\/\/www.cocodema.com\/?post_type=product&#038;p=9750"},"modified":"2026-04-30T12:32:50","modified_gmt":"2026-04-30T09:32:50","slug":"vintage-botanik-poster-fern","status":"publish","type":"product","link":"https:\/\/www.cocodema.com\/en\/product\/vintage-botanik-poster-fern\/","title":{"rendered":"Vintage Botanical Poster \u2013 Fern"},"content":{"rendered":"<p>Fern poster, t\u00fcm d\u00fcnyada en yayg\u0131n olarak g\u00f6rebilece\u011finiz e\u011frelti otu t\u00fcrlerini resmeder. E\u011frelti otlar\u0131, d\u00fcnya \u00fczerindeki ilk ye\u015fil bitki olmalar\u0131 sebebi ile &#8220;bereketi&#8221; temsil ederler.<\/p>\n<p>The vintage botanical posters are digitally printed with different plant compositions on matte, white, 150-gram Japanese paper. Posters suitable for framing can be shipped to anywhere in Turkey with postage.<\/p>\n<p>Botanical posters to accompany plants in decoration; currently available in 6 options including Ferns and Tropical Plants.<\/p>\n<p>&nbsp;<\/p>\n<p>&nbsp;<\/p>","protected":false},"excerpt":{"rendered":"<ul>\n<li>Japanese Paper Printing<\/li>\n<li>Delivery to All of Turkiye with Postube.<\/li>\n<li>Price Excluding Frame<\/li>\n<li>E\u011frelti Otu \u00c7e\u015fitleri<\/li>\n<\/ul>\n<p><strong>Poster Dimensions:<\/strong><strong>:<\/strong><br \/>\nHeight: 70 cm<br \/>\nWidth: 50 cm<\/p>\n<p>&nbsp;<\/p>","protected":false},"featured_media":6285,"template":"","meta":[],"product_brand":[],"product_cat":[82,133,218,48,83,170],"product_tag":[37,184,186,185,187],"class_list":{"0":"post-9750","1":"product","2":"type-product","3":"status-publish","4":"has-post-thumbnail","6":"product_cat-aksesuarlar","7":"product_cat-bakimi-kolay-tasarimlar","8":"product_cat-cerceveler","9":"product_cat-genel","10":"product_cat-tasarimlar","11":"product_cat-tumu","12":"product_tag-bitki","13":"product_tag-botanik","14":"product_tag-ferns","15":"product_tag-poster","16":"product_tag-tropicals","18":"first","19":"outofstock","20":"taxable","21":"shipping-taxable","22":"purchasable","23":"product-type-simple","24":"layout-style-1","25":"col-md-4 col-sm-4 col-xs-6","26":"col-lg-3","27":"product-style-default"},"_links":{"self":[{"href":"https:\/\/www.cocodema.com\/en\/wp-json\/wp\/v2\/product\/9750","targetHints":{"allow":["GET"]}}],"collection":[{"href":"https:\/\/www.cocodema.com\/en\/wp-json\/wp\/v2\/product"}],"about":[{"href":"https:\/\/www.cocodema.com\/en\/wp-json\/wp\/v2\/types\/product"}],"wp:featuredmedia":[{"embeddable":true,"href":"https:\/\/www.cocodema.com\/en\/wp-json\/wp\/v2\/media\/6285"}],"wp:attachment":[{"href":"https:\/\/www.cocodema.com\/en\/wp-json\/wp\/v2\/media?parent=9750"}],"wp:term":[{"taxonomy":"product_brand","embeddable":true,"href":"https:\/\/www.cocodema.com\/en\/wp-json\/wp\/v2\/product_brand?post=9750"},{"taxonomy":"product_cat","embeddable":true,"href":"https:\/\/www.cocodema.com\/en\/wp-json\/wp\/v2\/product_cat?post=9750"},{"taxonomy":"product_tag","embeddable":true,"href":"https:\/\/www.cocodema.com\/en\/wp-json\/wp\/v2\/product_tag?post=9750"}],"curies":[{"name":"wp","href":"https:\/\/api.w.org\/{rel}","templated":true}]}}